{"id":388,"date":"2026-02-27T11:03:09","date_gmt":"2026-02-27T10:03:09","guid":{"rendered":"http:\/\/interno.lsluz.com:8012\/cofcantabria\/?page_id=388"},"modified":"2026-02-27T11:46:30","modified_gmt":"2026-02-27T10:46:30","slug":"estatutos-y-memoria-de-gestion","status":"publish","type":"page","link":"http:\/\/interno.lsluz.com:8012\/cofcantabria\/index.php\/estatutos-y-memoria-de-gestion\/","title":{"rendered":"Estatutos y Memoria de Gesti\u00f3n"},"content":{"rendered":"<div class=\"cofc-content-wrapper\">\n    <!-- Bloque de Presentaci\u00f3n Principal --><\/p>\n<section class=\"intro-section\">\n<div class=\"intro-icon\">\n            <i class=\"fas fa-file-contract\"><\/i>\n        <\/div>\n<div class=\"intro-content\">\n<p class=\"intro-text\">Los Estatutos establecen las normas de organizaci\u00f3n y funcionamiento del Colegio. La Memoria de Gesti\u00f3n recoge las principales actividades realizadas y proyectos desarrollados durante el ejercicio. Estos documentos est\u00e1n disponibles en formato PDF para su consulta y descarga.<\/p>\n<\/p><\/div>\n<\/section>\n<p>    <!-- Bloque de Descargas --><\/p>\n<section class=\"documents-section\">\n<h2 class=\"section-title\">\n            <i class=\"fas fa-folder-open\"><\/i> Documentos Disponibles<br \/>\n        <\/h2>\n<div class=\"documents-grid\">\n<p>            <!-- Documento 1: Estatutos --><\/p>\n<div class=\"document-card\">\n<div class=\"document-icon\">\n                    <i class=\"fas fa-file-pdf\"><\/i>\n                <\/div>\n<div class=\"document-info\">\n<h3 class=\"document-title\">Estatutos del Colegio<\/h3>\n<p class=\"document-description\">Estatutos del Colegio Oficial de Farmac\u00e9uticos de Cantabria. Normas que regulan la organizaci\u00f3n y funcionamiento del Colegio.<\/p>\n<\/p><\/div>\n<p>                <a href=\"http:\/\/interno.lsluz.com:8012\/cofcantabria\/wp-content\/uploads\/2025\/04\/Estatutos-del-Colegio-Oficial-de-Farmaceuticos-de-Cantabria.pdf\" class=\"download-btn\" target=\"_blank\" rel=\"noopener\"><br \/>\n                    <i class=\"fas fa-download\"><\/i> Descargar Estatutos<br \/>\n                <\/a>\n            <\/div>\n<p>            <!-- Documento 2: Memoria de Gesti\u00f3n --><\/p>\n<div class=\"document-card\">\n<div class=\"document-icon\">\n                    <i class=\"fas fa-file-pdf\"><\/i>\n                <\/div>\n<div class=\"document-info\">\n<h3 class=\"document-title\">Memoria de Gesti\u00f3n<\/h3>\n<p class=\"document-description\">Informe anual de actividades y gesti\u00f3n del Colegio Oficial de Farmac\u00e9uticos de Cantabria.<\/p>\n<\/p><\/div>\n<p>                    <a href=\"http:\/\/interno.lsluz.com:8012\/cofcantabria\/wp-content\/uploads\/2026\/02\/Memoria_GestiCOFCANT_2024.pdf\" class=\"download-btn\" target=\"_blank\" rel=\"noopener\"><br \/>\n                    <i class=\"fas fa-download\"><\/i> Descargar Memoria<br \/>\n                <\/a>\n            <\/div>\n<\/p><\/div>\n<\/section>\n<\/div>\n","protected":false},"excerpt":{"rendered":"<p>Los Estatutos establecen las normas de organizaci\u00f3n y funcionamiento del Colegio. La Memoria de Gesti\u00f3n recoge las principales actividades realizadas y proyectos desarrollados durante el ejercicio. Estos documentos est\u00e1n disponibles [&hellip;]<\/p>\n","protected":false},"author":1,"featured_media":0,"parent":0,"menu_order":0,"comment_status":"closed","ping_status":"closed","template":"page-clean-cofc.php","meta":{"_price":"","_stock":"","_tribe_ticket_header":"","_tribe_default_ticket_provider":"","_tribe_ticket_capacity":"0","_ticket_start_date":"","_ticket_end_date":"","_tribe_ticket_show_description":"","_tribe_ticket_show_not_going":false,"_tribe_ticket_use_global_stock":"","_tribe_ticket_global_stock_level":"","_global_stock_mode":"","_global_stock_cap":"","_tribe_rsvp_for_event":"","_tribe_ticket_going_count":"","_tribe_ticket_not_going_count":"","_tribe_tickets_list":"[]","_tribe_ticket_has_attendee_info_fields":false,"footnotes":"","_tec_slr_enabled":"","_tec_slr_layout":""},"class_list":["post-388","page","type-page","status-publish","hentry"],"ticketed":false,"_links":{"self":[{"href":"http:\/\/interno.lsluz.com:8012\/cofcantabria\/index.php\/wp-json\/wp\/v2\/pages\/388","targetHints":{"allow":["GET"]}}],"collection":[{"href":"http:\/\/interno.lsluz.com:8012\/cofcantabria\/index.php\/wp-json\/wp\/v2\/pages"}],"about":[{"href":"http:\/\/interno.lsluz.com:8012\/cofcantabria\/index.php\/wp-json\/wp\/v2\/types\/page"}],"author":[{"embeddable":true,"href":"http:\/\/interno.lsluz.com:8012\/cofcantabria\/index.php\/wp-json\/wp\/v2\/users\/1"}],"replies":[{"embeddable":true,"href":"http:\/\/interno.lsluz.com:8012\/cofcantabria\/index.php\/wp-json\/wp\/v2\/comments?post=388"}],"version-history":[{"count":5,"href":"http:\/\/interno.lsluz.com:8012\/cofcantabria\/index.php\/wp-json\/wp\/v2\/pages\/388\/revisions"}],"predecessor-version":[{"id":394,"href":"http:\/\/interno.lsluz.com:8012\/cofcantabria\/index.php\/wp-json\/wp\/v2\/pages\/388\/revisions\/394"}],"wp:attachment":[{"href":"http:\/\/interno.lsluz.com:8012\/cofcantabria\/index.php\/wp-json\/wp\/v2\/media?parent=388"}],"curies":[{"name":"wp","href":"https:\/\/api.w.org\/{rel}","templated":true}]}}