{"id":373,"date":"2026-02-13T13:33:34","date_gmt":"2026-02-13T12:33:34","guid":{"rendered":"http:\/\/interno.lsluz.com:8012\/cofcantabria\/?page_id=373"},"modified":"2026-02-13T14:22:54","modified_gmt":"2026-02-13T13:22:54","slug":"presentacion-2","status":"publish","type":"page","link":"http:\/\/interno.lsluz.com:8012\/cofcantabria\/index.php\/presentacion-2\/","title":{"rendered":"Presentaci\u00f3n"},"content":{"rendered":"<p>El Colegio Oficial de Farmac\u00e9uticos de Cantabria agrupa a los farmac\u00e9uticos que ejercen su profesi\u00f3n en esta Comunidad Aut\u00f3noma y desarrollan su trabajo en diferentes \u00e1reas, tales como Oficina de Farmacia, Laboratorio, Hospital, Docencia e Investigaci\u00f3n, Industria, Veterinaria, Distribuci\u00f3n Farmac\u00e9utica, Administraci\u00f3n, Atenci\u00f3n Primaria y Alimentaci\u00f3n.<\/p>\n<p>Desde esta p\u00e1gina se pretende dar un servicio a estos profesionales y, tambi\u00e9n, al resto de la poblaci\u00f3n que, como bien sabemos, mantienen un estrecho contacto con el farmac\u00e9utico a trav\u00e9s de las Oficinas de Farmacia.<\/p>\n<p>A los compa\u00f1eros farmac\u00e9uticos se les ofrece, en su parte privada, informaci\u00f3n profesional totalmente actualizada y la posibilidad de establecer una \u00e1gil comunicaci\u00f3n y un estrecho acercamiento a su Colegio.<\/p>\n<p>Al resto de internautas, se les refuerza, el consejo y la informaci\u00f3n que todas las Oficinas de Farmacia de esta regi\u00f3n le ofrecen habitualmente. Tambi\u00e9n encontrar\u00e1n consejos sobre uso racional de medicamentos o campa\u00f1as sanitarias informativas que peri\u00f3dicamente se desarrollan en las farmacias de Cantabria. Sin olvidarnos de las oficinas de farmacia que diariamente tienen servicio de guardia en las diferentes poblaciones.<\/p>\n<p>Es mi deseo que, tanto los compa\u00f1eros farmac\u00e9uticos como el resto de visitantes, encuentren en esta p\u00e1gina del Colegio una puerta abierta a la informaci\u00f3n.<\/p>\n<p style=\"text-align: center;\">A todos, en nombre propio, en el de la <span style=\"color: #99cc00;\"><strong>Junta de Gobierno<\/strong><\/span> y en el de los farmac\u00e9uticos que componen este Colegio, doy la <span style=\"color: #99cc00;\"><strong>BIENVENIDA<\/strong><\/span>.<\/p>\n<p style=\"text-align: center;\">MAR\u00cdA GARC\u00cdA DEL HIERRO<\/p>\n<p style=\"text-align: center;\"><span style=\"color: #99cc00;\">PRESIDENTA<\/span><\/p>\n","protected":false},"excerpt":{"rendered":"<p>El Colegio Oficial de Farmac\u00e9uticos de Cantabria agrupa a los farmac\u00e9uticos que ejercen su profesi\u00f3n en esta Comunidad Aut\u00f3noma y desarrollan su trabajo en diferentes \u00e1reas, tales como Oficina de [&hellip;]<\/p>\n","protected":false},"author":1,"featured_media":0,"parent":0,"menu_order":0,"comment_status":"closed","ping_status":"closed","template":"page-clean-cofc.php","meta":{"_price":"","_stock":"","_tribe_ticket_header":"","_tribe_default_ticket_provider":"","_tribe_ticket_capacity":"0","_ticket_start_date":"","_ticket_end_date":"","_tribe_ticket_show_description":"","_tribe_ticket_show_not_going":false,"_tribe_ticket_use_global_stock":"","_tribe_ticket_global_stock_level":"","_global_stock_mode":"","_global_stock_cap":"","_tribe_rsvp_for_event":"","_tribe_ticket_going_count":"","_tribe_ticket_not_going_count":"","_tribe_tickets_list":"[]","_tribe_ticket_has_attendee_info_fields":false,"footnotes":"","_tec_slr_enabled":"","_tec_slr_layout":""},"class_list":["post-373","page","type-page","status-publish","hentry"],"ticketed":false,"_links":{"self":[{"href":"http:\/\/interno.lsluz.com:8012\/cofcantabria\/index.php\/wp-json\/wp\/v2\/pages\/373","targetHints":{"allow":["GET"]}}],"collection":[{"href":"http:\/\/interno.lsluz.com:8012\/cofcantabria\/index.php\/wp-json\/wp\/v2\/pages"}],"about":[{"href":"http:\/\/interno.lsluz.com:8012\/cofcantabria\/index.php\/wp-json\/wp\/v2\/types\/page"}],"author":[{"embeddable":true,"href":"http:\/\/interno.lsluz.com:8012\/cofcantabria\/index.php\/wp-json\/wp\/v2\/users\/1"}],"replies":[{"embeddable":true,"href":"http:\/\/interno.lsluz.com:8012\/cofcantabria\/index.php\/wp-json\/wp\/v2\/comments?post=373"}],"version-history":[{"count":3,"href":"http:\/\/interno.lsluz.com:8012\/cofcantabria\/index.php\/wp-json\/wp\/v2\/pages\/373\/revisions"}],"predecessor-version":[{"id":377,"href":"http:\/\/interno.lsluz.com:8012\/cofcantabria\/index.php\/wp-json\/wp\/v2\/pages\/373\/revisions\/377"}],"wp:attachment":[{"href":"http:\/\/interno.lsluz.com:8012\/cofcantabria\/index.php\/wp-json\/wp\/v2\/media?parent=373"}],"curies":[{"name":"wp","href":"https:\/\/api.w.org\/{rel}","templated":true}]}}