{"id":350,"date":"2025-06-17T16:56:10","date_gmt":"2025-06-17T14:56:10","guid":{"rendered":"http:\/\/interno.lsluz.com:8012\/cofcantabria\/?page_id=350"},"modified":"2026-02-27T10:20:14","modified_gmt":"2026-02-27T09:20:14","slug":"organigrama-cof","status":"publish","type":"page","link":"http:\/\/interno.lsluz.com:8012\/cofcantabria\/index.php\/organigrama-cof\/","title":{"rendered":"Organigrama COF"},"content":{"rendered":"<p><!-- Informaci\u00f3n sobre el Colegio y Funciones --><\/p>\n<section class=\"info-section\"><!-- Tarjeta de Presentaci\u00f3n --><\/p>\n<div class=\"info-card\">\n<div class=\"info-icon\"><i class=\"fas fa-building\"><\/i><\/div>\n<div class=\"info-content\">\n<h3>Colegio Oficial de Farmac\u00e9uticos de Cantabria<\/h3>\n<p>Instituci\u00f3n independiente creada en el a\u00f1o 1913. Es una Corporaci\u00f3n Profesional de Derecho P\u00fablico, reconocida y amparada por el art\u00edculo 36 de la Constituci\u00f3n Espa\u00f1ola y regulada por la legislaci\u00f3n estatal y auton\u00f3mica sobre Colegios Profesionales y por el Estatuto General de la Profesi\u00f3n.<\/p>\n<\/div>\n<\/div>\n<p><!-- Tarjeta de Funciones --><\/p>\n<div class=\"info-card\">\n<div class=\"info-icon\"><i class=\"fas fa-tasks\"><\/i><\/div>\n<div class=\"info-content\">\n<h3>Funciones Principales<\/h3>\n<p>Las funciones principales del Colegio son las siguientes:<\/p>\n<ul class=\"functions-list\">\n<li><i class=\"fas fa-check-circle\"><\/i>Ordenaci\u00f3n de la profesi\u00f3n farmac\u00e9utica dentro de la legislaci\u00f3n vigente y en beneficio de la salud de los ciudadanos.<\/li>\n<li><i class=\"fas fa-check-circle\"><\/i>Promover la calidad de la prestaci\u00f3n profesional de sus colegiados a trav\u00e9s de su formaci\u00f3n continuada.<\/li>\n<li><i class=\"fas fa-check-circle\"><\/i>Facilitar a los colegiados la documentaci\u00f3n que conlleva el ejercicio profesional.<\/li>\n<li><i class=\"fas fa-check-circle\"><\/i>Tramitar certificados para el ejercicio profesional.<\/li>\n<\/ul>\n<\/div>\n<\/div>\n<\/section>\n<p><!-- Departamentos --><\/p>\n<section class=\"departments-section\">\n<h2 class=\"section-main-title\">Departamentos<\/h2>\n<p class=\"section-description\">Estructura organizativa del Colegio.<\/p>\n<div class=\"departments-grid\">\n<p><!-- Gerencia --><\/p>\n<div class=\"department-card\">\n<div class=\"department-body\">\n<p class=\"department-name\">Juan Bolado Oceja<\/p>\n<p class=\"department-title\">Gerencia<\/p>\n<\/div>\n<\/div>\n<p><!-- Secretar\u00eda T\u00e9cnica --><\/p>\n<div class=\"department-card\">\n<div class=\"department-body\">\n<p class=\"department-name\">Eva Mar\u00eda Armend\u00e1riz Senosiain<\/p>\n<p class=\"department-title\">Secretar\u00eda T\u00e9cnica<\/p>\n<\/div>\n<\/div>\n<p><!-- CIM \/ CARE --><\/p>\n<div class=\"department-card\">\n<div class=\"department-body\">\n<p class=\"department-name\">Rosa R\u00e1bago Sober\u00f3n<\/p>\n<p class=\"department-name\">Beatriz Feliz Garc\u00eda (Formador Colegial)<\/p>\n<p class=\"department-name\">Arantza Gonz\u00e1lez Loma<\/p>\n<p class=\"department-title\">Centro de Informaci\u00f3n del Medicamento \/ Centro de Atenci\u00f3n Receta Electr\u00f3nica<\/p>\n<\/div>\n<\/div>\n<p><!-- Administraci\u00f3n --><\/p>\n<div class=\"department-card\">\n<div class=\"department-body\">\n<p class=\"department-name\">Susana Borreguero Gonz\u00e1lez<\/p>\n<p class=\"department-title\">Departamento de Administraci\u00f3n<\/p>\n<\/div>\n<\/div>\n<p><!-- Nuevas Tecnolog\u00edas --><\/p>\n<div class=\"department-card\">\n<div class=\"department-body\">\n<p class=\"department-name\">Jes\u00fas S\u00e1nchez Ferrero<\/p>\n<p class=\"department-title\">Departamento de Nuevas Tecnolog\u00edas<\/p>\n<\/div>\n<\/div>\n<p><!-- Laboral --><\/p>\n<div class=\"department-card\">\n<div class=\"department-body\">\n<p class=\"department-name\">Ana Isabel S\u00e1nchez G\u00f3mez<\/p>\n<p class=\"department-name\">Bego\u00f1a Herrera Arce<\/p>\n<p class=\"department-title\">Departamento Laboral<\/p>\n<\/div>\n<\/div>\n<\/div>\n<\/section>\n","protected":false},"excerpt":{"rendered":"<p>Colegio Oficial de Farmac\u00e9uticos de Cantabria Instituci\u00f3n independiente creada en el a\u00f1o 1913. Es una Corporaci\u00f3n Profesional de Derecho P\u00fablico, reconocida y amparada por el art\u00edculo 36 de la Constituci\u00f3n [&hellip;]<\/p>\n","protected":false},"author":1,"featured_media":0,"parent":0,"menu_order":0,"comment_status":"closed","ping_status":"closed","template":"page-clean-cofc.php","meta":{"_price":"","_stock":"","_tribe_ticket_header":"","_tribe_default_ticket_provider":"","_tribe_ticket_capacity":"0","_ticket_start_date":"","_ticket_end_date":"","_tribe_ticket_show_description":"","_tribe_ticket_show_not_going":false,"_tribe_ticket_use_global_stock":"","_tribe_ticket_global_stock_level":"","_global_stock_mode":"","_global_stock_cap":"","_tribe_rsvp_for_event":"","_tribe_ticket_going_count":"","_tribe_ticket_not_going_count":"","_tribe_tickets_list":"[]","_tribe_ticket_has_attendee_info_fields":false,"footnotes":"","_tec_slr_enabled":"","_tec_slr_layout":""},"class_list":["post-350","page","type-page","status-publish","hentry"],"ticketed":false,"_links":{"self":[{"href":"http:\/\/interno.lsluz.com:8012\/cofcantabria\/index.php\/wp-json\/wp\/v2\/pages\/350","targetHints":{"allow":["GET"]}}],"collection":[{"href":"http:\/\/interno.lsluz.com:8012\/cofcantabria\/index.php\/wp-json\/wp\/v2\/pages"}],"about":[{"href":"http:\/\/interno.lsluz.com:8012\/cofcantabria\/index.php\/wp-json\/wp\/v2\/types\/page"}],"author":[{"embeddable":true,"href":"http:\/\/interno.lsluz.com:8012\/cofcantabria\/index.php\/wp-json\/wp\/v2\/users\/1"}],"replies":[{"embeddable":true,"href":"http:\/\/interno.lsluz.com:8012\/cofcantabria\/index.php\/wp-json\/wp\/v2\/comments?post=350"}],"version-history":[{"count":11,"href":"http:\/\/interno.lsluz.com:8012\/cofcantabria\/index.php\/wp-json\/wp\/v2\/pages\/350\/revisions"}],"predecessor-version":[{"id":387,"href":"http:\/\/interno.lsluz.com:8012\/cofcantabria\/index.php\/wp-json\/wp\/v2\/pages\/350\/revisions\/387"}],"wp:attachment":[{"href":"http:\/\/interno.lsluz.com:8012\/cofcantabria\/index.php\/wp-json\/wp\/v2\/media?parent=350"}],"curies":[{"name":"wp","href":"https:\/\/api.w.org\/{rel}","templated":true}]}}