
{"id":556,"date":"2025-11-07T13:35:12","date_gmt":"2025-11-07T12:35:12","guid":{"rendered":"http:\/\/interno.lsluz.com:8012\/cofLeon\/?page_id=556"},"modified":"2025-11-07T13:41:38","modified_gmt":"2025-11-07T12:41:38","slug":"acceso-canal-de-denuncias","status":"publish","type":"page","link":"http:\/\/interno.lsluz.com:8012\/cofLeon\/index.php\/acceso-canal-de-denuncias\/","title":{"rendered":"Acceso Canal de Denuncias"},"content":{"rendered":"<p><!-- Inicio del Canal de Denuncias --><\/p>\n<p><!-- T\u00edtulo principal - Estilo copiado del ejemplo --><\/p>\n<h2 id=\"Inicio\" style=\"display: block !important;\n    margin: 0 0 clamp(8px, 1.5vw, 10px) !important;\n    background-color: #6e2c91 !important;\n    color: #ffffff !important;\n    \/*padding: 1.5rem 20px !important;*\/\n    text-align: center !important;\n    font-family: 'Oswald', 'Arial Narrow', sans-serif;\n    text-transform: uppercase;\n    font-size: clamp(2rem, 5vw, 2.8rem);\n    font-weight: 600;\n    letter-spacing: 0.05em;\">Canal de Denuncias Internas<\/h2>\n<p><!-- Contenedor principal centrado - Estilo copiado del ejemplo --><\/p>\n<div style=\"max-width: 800px; margin: 0 auto; padding: 20px;\">\n<p>    <!-- Caja de contenido - Estilo copiado del ejemplo --><\/p>\n<div style=\"margin-bottom: 20px; border: 1px solid #e0e0e0; padding: 20px 30px; border-radius: 8px; background-color: #f9f9f9; box-shadow: 0 2px 4px rgba(0,0,0,0.05);\">\n<p>        <!-- P\u00e1rrafos de texto con el estilo del ejemplo --><\/p>\n<p style=\"color: #444; margin: 15px 0; font-size: 16px; line-height: 1.6;\">\n            El Ilustre Colegio Oficial de Farmac\u00e9uticos de Le\u00f3n (en adelante, el \u201cCOFLE\u00d3N\u201d) dispone de un canal interno de denuncias de acuerdo con lo dispuesto en la Ley 2\/2023, de 20 de febrero, reguladora de la protecci\u00f3n de las personas que informen sobre infracciones normativas y de lucha contra la corrupci\u00f3n.\n        <\/p>\n<p style=\"color: #444; margin: 15px 0; font-size: 16px; line-height: 1.6;\">\n            Este canal interno de denuncias que proporciona el COFLE\u00d3N es un canal seguro y bidireccional que sirve de instrumento para presentar informaciones relacionadas con acciones u omisiones ocasionadas en el seno de la actividad y organizaci\u00f3n del propio COFLE\u00d3N y que puedan ser constitutivas de infracci\u00f3n penal o administrativa grave o muy grave. El canal, tiene como objeto proteger ante cualquier intento de represalia, tanto al personal interno como a terceros que, en un contexto laboral o profesional, informen de dichas conductas.\n        <\/p>\n<p style=\"color: #444; margin: 15px 0; font-size: 16px; line-height: 1.6;\">\n            Todas las denuncias realizadas a trav\u00e9s del canal interno de denuncias ser\u00e1n confidenciales. El denunciante tiene la plena garant\u00eda del anonimato si opta por hacer la denuncia de manera an\u00f3nima.\n        <\/p>\n<p style=\"color: #444; margin: 15px 0; font-size: 16px; line-height: 1.6;\">\n            No es un canal apropiado para presentar quejas, sugerencias o reclamaciones en relaci\u00f3n con los servicios prestados por los farmac\u00e9uticos colegiados en su actividad profesional en cuyo caso puede dirigirse al apartado espec\u00edfico del \u201cContacto\u201d del COFLE\u00d3N ubicado en esta web.\n        <\/p>\n<p>        <!-- P\u00e1rrafo final de privacidad --><\/p>\n<p style=\"color: #555; margin: 20px 0 15px; font-size: 15px; line-height: 1.6; font-style: italic;\">\n            Utilizaremos sus datos para gestionar el canal \u00e9tico. Para m\u00e1s informaci\u00f3n sobre el tratamiento y sus derechos, consulte la <a href=\"http:\/\/interno.lsluz.com:8012\/cofLeon\/index.php\/politica-de-privacidad\/\" target=\"_blank\" style=\"color: #555; text-decoration: underline;\">pol\u00edtica de privacidad<\/a>.\n        <\/p>\n<p>        <!-- Contenedor para centrar el bot\u00f3n --><\/p>\n<div style=\"text-align: center; margin-top: 30px; margin-bottom: 15px;\">\n<p>            <!-- Bot\u00f3n - Estilo copiado del ejemplo (color verde) --><br \/>\n            <a href=\"https:\/\/rs.canaldedenuncias.app\/Formulario.aspx?Id=61\" style=\"display: inline-block; background-color: #008000; color: white; padding: 12px 24px; text-decoration: none; border-radius: 4px; font-weight: bold; font-size: 16px; transition: background-color 0.3s;\" target=\"_blank\" onmouseover=\"this.style.backgroundColor='#006400'\" onmouseout=\"this.style.backgroundColor='#008000'\">Acceder al Canal de Denuncias<\/a>\n        <\/div>\n<\/p><\/div>\n<\/div>\n<p><!-- Fin del Canal de Denuncias --><\/p>\n","protected":false},"excerpt":{"rendered":"<p>Canal de Denuncias Internas El Ilustre Colegio Oficial de Farmac\u00e9uticos de Le\u00f3n (en adelante, el \u201cCOFLE\u00d3N\u201d) dispone de un canal interno de denuncias de acuerdo con lo dispuesto en la Ley 2\/2023, de 20 de febrero, reguladora de la protecci\u00f3n de las personas que informen sobre infracciones normativas y de lucha contra la corrupci\u00f3n. Este [&hellip;]<\/p>\n","protected":false},"author":2,"featured_media":0,"parent":0,"menu_order":0,"comment_status":"closed","ping_status":"closed","template":"page-full-width.php","meta":{"_acf_changed":false,"footnotes":""},"class_list":["post-556","page","type-page","status-publish","hentry"],"acf":[],"_links":{"self":[{"href":"http:\/\/interno.lsluz.com:8012\/cofLeon\/index.php\/wp-json\/wp\/v2\/pages\/556","targetHints":{"allow":["GET"]}}],"collection":[{"href":"http:\/\/interno.lsluz.com:8012\/cofLeon\/index.php\/wp-json\/wp\/v2\/pages"}],"about":[{"href":"http:\/\/interno.lsluz.com:8012\/cofLeon\/index.php\/wp-json\/wp\/v2\/types\/page"}],"author":[{"embeddable":true,"href":"http:\/\/interno.lsluz.com:8012\/cofLeon\/index.php\/wp-json\/wp\/v2\/users\/2"}],"replies":[{"embeddable":true,"href":"http:\/\/interno.lsluz.com:8012\/cofLeon\/index.php\/wp-json\/wp\/v2\/comments?post=556"}],"version-history":[{"count":6,"href":"http:\/\/interno.lsluz.com:8012\/cofLeon\/index.php\/wp-json\/wp\/v2\/pages\/556\/revisions"}],"predecessor-version":[{"id":562,"href":"http:\/\/interno.lsluz.com:8012\/cofLeon\/index.php\/wp-json\/wp\/v2\/pages\/556\/revisions\/562"}],"wp:attachment":[{"href":"http:\/\/interno.lsluz.com:8012\/cofLeon\/index.php\/wp-json\/wp\/v2\/media?parent=556"}],"curies":[{"name":"wp","href":"https:\/\/api.w.org\/{rel}","templated":true}]}}