
{"id":547,"date":"2025-10-27T14:06:00","date_gmt":"2025-10-27T13:06:00","guid":{"rendered":"http:\/\/interno.lsluz.com:8012\/cofLeon\/?page_id=547"},"modified":"2025-10-27T14:06:00","modified_gmt":"2025-10-27T13:06:00","slug":"nueva-solicitud-de-colegiacion","status":"publish","type":"page","link":"http:\/\/interno.lsluz.com:8012\/cofLeon\/index.php\/nueva-solicitud-de-colegiacion\/","title":{"rendered":"Nueva solicitud de colegiaci\u00f3n"},"content":{"rendered":"<!DOCTYPE html>\n<html lang=\"es\">\n<head>\n    <meta charset=\"UTF-8\">\n    <meta name=\"viewport\" content=\"width=device-width, initial-scale=1.0\">\n    <title>Col\u00e9giate - Colegio Farmac\u00e9utico de Le\u00f3n<\/title>\n    \n    <!-- Google Fonts -->\n    <link rel=\"preconnect\" href=\"https:\/\/fonts.googleapis.com\">\n    <link rel=\"preconnect\" href=\"https:\/\/fonts.gstatic.com\" crossorigin>\n    <link href=\"https:\/\/fonts.googleapis.com\/css2?family=Oswald:wght@400;500;600;700&family=Inter:wght@300;400;500;600;700&display=swap\" rel=\"stylesheet\">\n    \n    <!-- Font Awesome CDN (del ejemplo) -->\n    <link rel=\"stylesheet\" href=\"https:\/\/cdnjs.cloudflare.com\/ajax\/libs\/font-awesome\/6.5.2\/css\/all.min.css\" xintegrity=\"sha512-SnH5WK+bZxgPHs44uWIX+LLJAJ9\/2PkPKZ5QiAj6Ta86w+fsb2TkcmfRyVX3pBnMFcV7oQPJkl9QevSCWr3W6A==\" crossorigin=\"anonymous\" referrerpolicy=\"no-referrer\" \/>\n\n    <style>\n        \/* --- Estilos base del ejemplo --- *\/\n        :root {\n            --jbe-color-primary: #6e2c91; \/* Violeta corporativo *\/\n            --jbe-color-secondary: #ed154e; \/* Rojo\/rosa corporativo para detalles *\/\n            --jbe-color-text-on-primary: #ffffff; \/* Texto blanco sobre fondo primario *\/\n            --jbe-color-background: #ffffff;\n            --jbe-color-gray-bg: #f8f9fa;\n            --jbe-color-text: #1a1a1a;\n            --jbe-color-text-light: #555555;\n            --jbe-color-border: #dee2e6;\n            --jbe-shadow: 0 2px 8px rgba(0,0,0,0.07);\n            --jbe-transition: all 0.3s ease;\n            --jbe-radius: 4px;\n        }\n\n        body {\n            margin: 0;\n            padding: 0;\n            background-color: var(--jbe-color-gray-bg); \/* Asegura que el fondo fuera del wrapper sea gris *\/\n        }\n\n        .jbe-job-board-wrapper * {\n            box-sizing: border-box;\n        }\n\n        .jbe-job-board-wrapper {\n            font-family: 'Inter', -apple-system, BlinkMacSystemFont, 'Segoe UI', sans-serif;\n            background-color: var(--jbe-color-gray-bg);\n            color: var(--jbe-color-text);\n            line-height: 1.65;\n            font-size: 16px;\n            -webkit-font-smoothing: antialiased;\n            -moz-osx-font-smoothing: grayscale;\n        }\n\n        .jbe-main-header {\n            background-color: var(--jbe-color-primary);\n            color: var(--jbe-color-text-on-primary);\n            padding: 0.5rem 20px; \/* Reducido para menor espacio vertical *\/\n            text-align: center;\n            margin-bottom: 30px;\n        }\n\n        .jbe-main-header-title {\n            font-family: 'Oswald', 'Arial Narrow', sans-serif;\n            text-transform: uppercase;\n            font-size: clamp(2rem, 5vw, 2.8rem);\n            font-weight: 600;\n            letter-spacing: 0.05em;\n            margin: 0;\n        }\n\n        .jbe-container {\n            max-width: 900px;\n            margin: 0 auto;\n            padding: 0 20px 30px 20px;\n        }\n\n        .content-section {\n            background-color: var(--jbe-color-background);\n            border-radius: var(--jbe-radius);\n            box-shadow: var(--jbe-shadow);\n            padding: 30px 40px;\n            margin-bottom: 30px;\n        }\n\n        .content-section h2 {\n\t\t\tdisplay:block!important;\n            font-family: 'Oswald', 'Arial Narrow', sans-serif;\n            font-size: 1.8rem;\n            font-weight: 600;\n            color: var(--jbe-color-primary)!important;\n            margin-top: 0;\n            margin-bottom: 20px;\n            border-bottom: 2px solid var(--jbe-color-border);\n            padding-bottom: 10px;\n        }\n\n        .content-section h3 {\n            \/* Estilo para sub-cabeceras (usado en cuotas) *\/\n            font-family: 'Oswald', 'Arial Narrow', sans-serif;\n            font-size: 1.4rem;\n            font-weight: 500;\n            color: var(--jbe-color-text);\n            margin-top: 25px;\n            margin-bottom: 15px;\n        }\n\n        .content-section p {\n            color: var(--jbe-color-text-light);\n            margin-bottom: 15px;\n        }\n        \n        \/* --- Nuevos estilos para el contenido de Colegiaci\u00f3n --- *\/\n\n        \/* Estilos para listas (usado en cuota incorporaci\u00f3n y documentaci\u00f3n) *\/\n        .content-section ul {\n            padding-left: 20px;\n            margin-top: 15px;\n            margin-bottom: 20px;\n            list-style-type: disc;\n        }\n\n        .content-section li {\n            color: var(--jbe-color-text-light);\n            margin-bottom: 12px;\n            padding-left: 5px;\n        }\n\n        .content-section li strong {\n            color: var(--jbe-color-text);\n            font-weight: 600;\n            \/* No display:block para que el texto siga en la misma l\u00ednea *\/\n        }\n        \n        \/* Lista anidada para la documentaci\u00f3n *\/\n        .content-section ul ul {\n            margin-top: 10px;\n            margin-bottom: 10px;\n            list-style-type: circle;\n        }\n\n        .content-section ul ul li {\n            margin-bottom: 8px;\n        }\n\n        \/* Estilo para la tabla de cuotas mensuales *\/\n        .fee-table {\n            width: 100%;\n            border-collapse: collapse;\n            margin: 25px 0;\n            font-size: 0.95rem;\n        }\n\n        .fee-table th, .fee-table td {\n            border: 1px solid var(--jbe-color-border);\n            padding: 10px 12px;\n            text-align: left;\n            vertical-align: top;\n        }\n\n        .fee-table th {\n            background-color: var(--jbe-color-gray-bg);\n            font-family: 'Oswald', sans-serif;\n            font-weight: 600;\n            color: var(--jbe-color-primary);\n            text-transform: uppercase;\n        }\n\n        \/* Alinea las cabeceras de importes a la derecha *\/\n        \/* CAMBIO: Actualizado para 6 columnas *\/\n        .fee-table th:nth-child(2),\n        .fee-table th:nth-child(3),\n        .fee-table th:nth-child(4),\n        .fee-table th:nth-child(5),\n        .fee-table th:nth-child(6) {\n            text-align: right;\n        }\n\n        \/* Alinea las columnas de importes a la derecha *\/\n        \/* CAMBIO: Actualizado para 6 columnas *\/\n        .fee-table td:nth-child(2),\n        .fee-table td:nth-child(3),\n        .fee-table td:nth-child(4),\n        .fee-table td:nth-child(5),\n        .fee-table td:nth-child(6) {\n            text-align: right;\n            font-weight: 500;\n            font-family: 'Inter', sans-serif;\n            color: var(--jbe-color-text-light);\n        }\n        \n        .fee-table td:first-child {\n            font-weight: 500;\n            color: var(--jbe-color-text);\n        }\n\n        .fee-table tr:nth-child(even) {\n            background-color: #fdfdfd; \/* Un fondo muy ligero para filas pares *\/\n        }\n\n        \/* Estilo para notas aclaratorias *\/\n        .note {\n            font-size: 0.9rem;\n            font-style: italic;\n            color: var(--jbe-color-text-light);\n            background-color: var(--jbe-color-gray-bg);\n            padding: 12px 15px;\n            border-radius: var(--jbe-radius);\n            border-left: 3px solid var(--jbe-color-primary);\n            margin-top: 15px;\n        }\n        \n        \/* Estilo para la secci\u00f3n del bot\u00f3n CTA *\/\n        .cta-section {\n            text-align: center;\n            padding: 20px 40px; \/* Un poco menos de padding vertical para una secci\u00f3n de bot\u00f3n *\/\n        }\n\n        \/* Estilo para el bot\u00f3n verde de CTA *\/\n        .cta-button {\n            display: inline-block;\n            background-color: #28a745; \/* Verde, como solicitado *\/\n            color: #ffffff;\n            font-weight: 600;\n            text-transform: uppercase;\n            text-decoration: none;\n            padding: 12px 30px;\n            border-radius: 6px; \/* \"ligeramente redondeado\" *\/\n            transition: var(--jbe-transition);\n            box-shadow: 0 2px 5px rgba(0,0,0,0.1);\n        }\n\n        .cta-button:hover {\n            background-color: #218838; \/* Verde m\u00e1s oscuro al pasar el rat\u00f3n *\/\n            box-shadow: var(--jbe-shadow);\n            transform: translateY(-2px);\n        }\n        \n        \/* Media query para mejorar la legibilidad en m\u00f3viles *\/\n        @media (max-width: 600px) {\n            .content-section {\n                padding: 20px 25px;\n            }\n\n            .jbe-main-header {\n                padding: 0.5rem 20px;\n                margin-bottom: 20px;\n            }\n\n            .jbe-container {\n                padding: 0 10px 20px 10px;\n            }\n            \n            \/* Hace que la tabla sea responsive *\/\n            .fee-table, .fee-table thead, .fee-table tbody, .fee-table th, .fee-table td, .fee-table tr {\n                display: block;\n            }\n            \n            .fee-table thead tr {\n                position: absolute;\n                top: -9999px;\n                left: -9999px;\n            }\n            \n            .fee-table tr {\n                border: 1px solid var(--jbe-color-border);\n                margin-bottom: 10px;\n            }\n            \n            .fee-table td {\n                border: none;\n                border-bottom: 1px solid #eee;\n                position: relative;\n                padding-left: 50%;\n                text-align: right; \/* Alinea el contenido a la derecha *\/\n            }\n            \n            .fee-table td:before {\n                position: absolute;\n                top: 10px;\n                left: 12px;\n                width: 45%;\n                padding-right: 10px;\n                white-space: nowrap;\n                text-align: left; \/* Alinea las etiquetas a la izquierda *\/\n                font-weight: 600;\n                color: var(--jbe-color-primary);\n                font-family: 'Oswald', sans-serif;\n                text-transform: uppercase;\n                font-size: 0.9rem;\n            }\n            \n            \/* --- CAMBIO AQU\u00cd: Etiquetas actualizadas para la tabla responsive --- *\/\n            \/* CAMBIO: Actualizado para 6 columnas *\/\n            .fee-table td:nth-of-type(1):before { content: \"Tipo Colegiaci\u00f3n\"; }\n            .fee-table td:nth-of-type(2):before { content: \"COF LEON\"; }\n            .fee-table td:nth-of-type(3):before { content: \"Subvenci\u00f3n CONCYL\"; }\n            .fee-table td:nth-of-type(4):before { content: \"CONCYL FINAL\"; }\n            .fee-table td:nth-of-type(5):before { content: \"CONGRAL\"; }\n            .fee-table td:nth-of-type(6):before { content: \"TOTAL\"; }\n            \n            .fee-table td:first-child {\n                font-weight: 600;\n                color: var(--jbe-color-text);\n            }\n            \n            \/* Ajusta la primera celda para que se vea mejor *\/\n            .fee-table td:nth-of-type(1) {\n                background-color: var(--jbe-color-gray-bg);\n                font-weight: 600;\n            }\n        }\n\n    <\/style>\n<\/head>\n<body>\n<h2 id=\"Inicio\" style=\"display: block !important;\n    margin: 0 0 clamp(8px, 1.5vw, 10px) !important;\n    background-color: #6e2c91 !important;\n    color: #ffffff !important;\n    \/*padding: 1.5rem 20px !important;*\/\n    text-align: center !important;\n    font-family: 'Oswald', 'Arial Narrow', sans-serif;\n    text-transform: uppercase;\n    font-size: clamp(2rem, 5vw, 2.8rem);\n    font-weight: 600;\n    letter-spacing: 0.05em;\">Colegiaci\u00f3n<\/h2>\n    <div class=\"jbe-job-board-wrapper\" id=\"Inicio2\">\n\n        <!-- Cabecera principal eliminada -->\n\n        <!-- Contenedor principal -->\n        <div class=\"jbe-container\">\n\n            <!-- --- CAMBIO AQU\u00cd: Secci\u00f3n \"Cuota de Incorporaci\u00f3n\" actualizada --- -->\n            <div class=\"content-section\">\n                <h2>Cuotas de Alta Colegiaci\u00f3n<\/h2>\n                <!--p>Las cuotas colegiales no han sufrido modificaci\u00f3n en el a\u00f1o 2024.<\/p-->\n                \n                <h3>1\u00aa Colegiaci\u00f3n<\/h3>\n                <ul>\n                    <li><strong>0,00\u20ac:<\/strong> 0 a 2 meses desde la finalizaci\u00f3n del Grado.<\/li>\n                    <li><strong>186,07\u20ac:<\/strong> A partir de 2 meses desde la finalizaci\u00f3n del Grado.<\/li>\n                <\/ul>\n\n                <h3>2\u00aa Colegiaci\u00f3n \/ Traslados<\/h3>\n                <ul>\n                    <li><strong>0,00\u20ac:<\/strong> 0 a 2 meses.<\/li>\n                    <li><strong>50,00\u20ac:<\/strong> A partir de 2 meses\/a\u00f1o.<\/li>\n                <\/ul>\n            <\/div>\n\n            <!-- --- CAMBIO AQU\u00cd: Secci\u00f3n \"Cuota Mensual\" actualizada con todas las columnas del PDF --- -->\n            <div class=\"content-section\">\n                <h2>Cuota mensual<\/h2>\n                <p>Las cuotas colegiales no han sufrido modificaci\u00f3n en el a\u00f1o 2024.<\/p>\n                \n                <table class=\"fee-table\">\n                    <thead>\n                        <tr>\n                            <th>Tipo de Colegiaci\u00f3n<\/th>\n                            <th>COF LEON<\/th>\n                            <th>Subvenci\u00f3n CONCYL<\/th>\n                            <th>CONCYL FINAL<\/th>\n                            <th>CONGRAL<\/th>\n                            <th>TOTAL<\/th>\n                        <\/tr>\n                    <\/thead>\n                    <tbody>\n                        <tr>\n                            <td>Ejercientes<\/td>\n                            <td>12,36\u20ac<\/td>\n                            <td>\u2014<\/td>\n                            <td>7,55\u20ac<\/td>\n                            <td>8,31\u20ac<\/td>\n                            <td>28,22\u20ac<\/td>\n                        <\/tr>\n                        <tr>\n                            <td>Sin ejercicio<\/td>\n                            <td>6,20\u20ac<\/td>\n                            <td>\u2014<\/td>\n                            <td>7,55\u20ac<\/td>\n                            <td>8,31\u20ac<\/td>\n                            <td>22,06\u20ac<\/td>\n                        <\/tr>\n                        <tr>\n                            <td>Desempleo (2 primeros a\u00f1os)<\/td>\n                            <td>3,73\u20ac<\/td>\n                            <td>7,55\u20ac<\/td>\n                            <td>0,00\u20ac<\/td>\n                            <td>2,05\u20ac<\/td>\n                            <td>5,78\u20ac<\/td>\n                        <\/tr>\n                        <tr>\n                            <td>Desempleo (2\u00ba al 4\u00ba a\u00f1o)<\/td>\n                            <td>6,20\u20ac<\/td>\n                            <td>7,55\u20ac<\/td>\n                            <td>0,00\u20ac<\/td>\n                            <td>2,05\u20ac<\/td>\n                            <td>8,25\u20ac<\/td>\n                        <\/tr>\n                        <tr>\n                            <td>Jubilados (de 65 a 70 a\u00f1os)<\/td>\n                            <td>6,20\u20ac<\/td>\n                            <td>7,55\u20ac<\/td>\n                            <td>0,00\u20ac<\/td>\n                            <td>0,00\u20ac<\/td>\n                            <td>6,20\u20ac<\/td>\n                        <\/tr>\n                        <tr>\n                            <td>Mayores de 70 a\u00f1os<\/td>\n                            <td>0,00\u20ac<\/td>\n                            <td>7,55\u20ac<\/td>\n                            <td>0,00\u20ac<\/td>\n                            <td>0,00\u20ac<\/td>\n                            <td>0,00\u20ac<\/td>\n                        <\/tr>\n                    <\/tbody>\n                <\/table>\n                \n                <p class=\"note\">\n                    Los farmac\u00e9uticos en situaci\u00f3n voluntaria de doble colegiaci\u00f3n (inscritos en m\u00e1s de un Colegio) solo deben abonar la cuota correspondiente al Consejo General en uno de ellos, siendo aquel en el que conste su domicilio profesional \u00fanico o principal.\n                <\/p>\n                <p class=\"note\">\n                    Se acreditar\u00e1 la situaci\u00f3n de desempleo mediante comprobante del Servicio P\u00fablico de Empleo (SEPE) (antiguo INEM) y deber\u00e1 renovarse, con car\u00e1cter general, cada tres meses.\n                <\/p>\n            <\/div>\n\n            <!-- Secci\u00f3n: Documentaci\u00f3n Necesaria (Sin cambios) -->\n            <div class=\"content-section\">\n                <h2>Documentaci\u00f3n necesaria<\/h2>\n                <ul>\n                    <li>\n                        <strong>Solicitud de incorporaci\u00f3n<\/strong>\n                        Rellenar el formulario de solicitud con los datos solicitados.\n                    <\/li>\n                    <li>\n                        <strong>T\u00edtulo o Titulaci\u00f3n<\/strong>\n                        Es necesario aportar uno de los siguientes documentos:\n                        <ul>\n                            <li>T\u00edtulo de Licenciado\/Graduado en Farmacia.<\/li>\n                            <li>Certificaci\u00f3n provisional supletoria (con validez de un a\u00f1o).<\/li>\n                            <li>Credencial de homologaci\u00f3n del t\u00edtulo.<\/li>\n                            <li>Documento acreditativo del reconocimiento de t\u00edtulo expedido en los EE miembros de la UE.<\/li>\n                        <\/ul>\n                        <p class=\"note\" style=\"margin-top: 10px;\">\n                            No ser\u00e1 necesario aportarlo si se otorga autorizaci\u00f3n al Colegio para su comprobaci\u00f3n en el Registro Nacional de Titulados Universitarios Oficiales.\n                        <\/p>\n                    <\/li>\n                    <li>\n                        <strong>Documento identificativo<\/strong>\n                        DNI, NIE o NIF por ambas caras.\n                    <\/li>\n                    <li>\n                        <strong>Fotograf\u00eda<\/strong>\n                        Fotograf\u00eda tipo carnet en formato JPG o PNG.\n                    <\/li>\n                    <li>\n                        <strong>Orden de domiciliaci\u00f3n bancaria de adeudo directo SEPA<\/strong>\n                        La orden de pago solo se procesar\u00e1 una vez admitido en el Colegio.\n                    <\/li>\n                    <li>\n                        <strong>Certificado de situaci\u00f3n colegial en el colegio de procedencia<\/strong>\n                        Solo en el caso de proceder de otro colegio de farmac\u00e9uticos. Este certificado tendr\u00e1 como m\u00e1ximo tres meses de validez.\n                    <\/li>\n                <\/ul>\n            <\/div>\n            \n            <!-- Secci\u00f3n: Bot\u00f3n CTA (Sin cambios) -->\n            <div class=\"content-section cta-section\">\n                <a href=\"https:\/\/colegiados.cofleon.es\/ALTACOLEGIADOs\/comprobaridentificador.aspx\" class=\"cta-button\" target=\"_blank\" rel=\"noopener noreferrer\">\n                    Acceder a la Colegiaci\u00f3n\n                <\/a>\n            <\/div>\n\n        <\/div> <!-- Fin .jbe-container -->\n\n    <\/div> <!-- Fin .jbe-job-board-wrapper -->\n\n<\/body>\n<\/html>\n","protected":false},"excerpt":{"rendered":"","protected":false},"author":2,"featured_media":0,"parent":0,"menu_order":0,"comment_status":"closed","ping_status":"closed","template":"page-full-width.php","meta":{"_acf_changed":false,"footnotes":""},"class_list":["post-547","page","type-page","status-publish","hentry"],"acf":[],"_links":{"self":[{"href":"http:\/\/interno.lsluz.com:8012\/cofLeon\/index.php\/wp-json\/wp\/v2\/pages\/547","targetHints":{"allow":["GET"]}}],"collection":[{"href":"http:\/\/interno.lsluz.com:8012\/cofLeon\/index.php\/wp-json\/wp\/v2\/pages"}],"about":[{"href":"http:\/\/interno.lsluz.com:8012\/cofLeon\/index.php\/wp-json\/wp\/v2\/types\/page"}],"author":[{"embeddable":true,"href":"http:\/\/interno.lsluz.com:8012\/cofLeon\/index.php\/wp-json\/wp\/v2\/users\/2"}],"replies":[{"embeddable":true,"href":"http:\/\/interno.lsluz.com:8012\/cofLeon\/index.php\/wp-json\/wp\/v2\/comments?post=547"}],"version-history":[{"count":1,"href":"http:\/\/interno.lsluz.com:8012\/cofLeon\/index.php\/wp-json\/wp\/v2\/pages\/547\/revisions"}],"predecessor-version":[{"id":548,"href":"http:\/\/interno.lsluz.com:8012\/cofLeon\/index.php\/wp-json\/wp\/v2\/pages\/547\/revisions\/548"}],"wp:attachment":[{"href":"http:\/\/interno.lsluz.com:8012\/cofLeon\/index.php\/wp-json\/wp\/v2\/media?parent=547"}],"curies":[{"name":"wp","href":"https:\/\/api.w.org\/{rel}","templated":true}]}}