
{"id":472,"date":"2025-08-07T14:13:20","date_gmt":"2025-08-07T12:13:20","guid":{"rendered":"http:\/\/interno.lsluz.com:8012\/cofLeon\/?page_id=472"},"modified":"2025-08-07T14:13:20","modified_gmt":"2025-08-07T12:13:20","slug":"campanas-sanitarias","status":"publish","type":"page","link":"http:\/\/interno.lsluz.com:8012\/cofLeon\/index.php\/campanas-sanitarias\/","title":{"rendered":"Campa\u00f1as Sanitarias"},"content":{"rendered":"<!DOCTYPE html>\n<html lang=\"es\">\n<head>\n    <meta charset=\"UTF-8\">\n    <meta name=\"viewport\" content=\"width=device-width, initial-scale=1.0\">\n    <title>Campa\u00f1as Sanitarias - Colegio Farmac\u00e9utico de Le\u00f3n<\/title>\n    <link rel=\"preconnect\" href=\"https:\/\/fonts.googleapis.com\">\n    <link rel=\"preconnect\" href=\"https:\/\/fonts.gstatic.com\" crossorigin>\n    <link href=\"https:\/\/fonts.googleapis.com\/css2?family=Oswald:wght@400;500;600;700&family=Inter:wght@300;400;500;600;700&display=swap\" rel=\"stylesheet\">\n    <!-- Font Awesome CDN -->\n    <link rel=\"stylesheet\" href=\"https:\/\/cdnjs.cloudflare.com\/ajax\/libs\/font-awesome\/6.5.2\/css\/all.min.css\" xintegrity=\"sha512-SnH5WK+bZxgPHs44uWIX+LLJAJ9\/2PkPKZ5QiAj6Ta86w+fsb2TkcmfRyVX3pBnMFcV7oQPJkl9QevSCWr3W6A==\" crossorigin=\"anonymous\" referrerpolicy=\"no-referrer\" \/>\n    <style>\n        :root {\n            --jbe-color-primary: #6e2c91; \/* Violeta corporativo *\/\n            --jbe-color-secondary: #ed154e; \/* Rojo\/rosa corporativo para detalles *\/\n            --jbe-color-text-on-primary: #ffffff; \/* Texto blanco sobre fondo primario *\/\n            --jbe-color-background: #ffffff;\n            --jbe-color-gray-bg: #f8f9fa;\n            --jbe-color-text: #1a1a1a;\n            --jbe-color-text-light: #555555;\n            --jbe-color-border: #dee2e6;\n            --jbe-shadow: 0 2px 8px rgba(0,0,0,0.07);\n            --jbe-transition: all 0.3s ease;\n            --jbe-radius: 4px;\n        }\n\n        body {\n            margin: 0;\n            padding: 0;\n        }\n\n        .jbe-job-board-wrapper * {\n            box-sizing: border-box;\n        }\n\n        .jbe-job-board-wrapper {\n            font-family: 'Inter', -apple-system, BlinkMacSystemFont, 'Segoe UI', sans-serif;\n            background-color: var(--jbe-color-gray-bg);\n            color: var(--jbe-color-text);\n            line-height: 1.65;\n            font-size: 16px;\n            -webkit-font-smoothing: antialiased;\n            -moz-osx-font-smoothing: grayscale;\n        }\n\n        .jbe-main-header {\n            background-color: var(--jbe-color-primary);\n            color: var(--jbe-color-text-on-primary);\n            \/*padding: 2rem 20px;*\/\n            text-align: center;\n            margin-bottom: 30px;\n        }\n\n        .jbe-main-header-title {\n            font-family: 'Oswald', 'Arial Narrow', sans-serif;\n            text-transform: uppercase;\n            font-size: clamp(2rem, 5vw, 2.8rem);\n            font-weight: 600;\n            letter-spacing: 0.05em;\n            margin: 0;\n        }\n        \n        .jbe-container {\n            max-width: 900px;\n            margin: 0 auto;\n            padding: 0 20px 30px 20px;\n        }\n\n        .content-section {\n            background-color: var(--jbe-color-background);\n            border-radius: var(--jbe-radius);\n            box-shadow: var(--jbe-shadow);\n            padding: 30px 40px;\n            margin-bottom: 30px;\n        }\n        \n        .content-section h3 {\n          \/*  font-family: 'Oswald', 'Arial Narrow', sans-serif;\n            font-size: 1.6rem;\n            font-weight: 500;\n            color: var(--jbe-color-primary);\n            margin-top: 0;\n            margin-bottom: 20px;*\/\n\t\t\tfont-family: 'Oswald', 'Arial Narrow', sans-serif!important;\n            font-size: 2.2rem!important;\n            font-weight: 600!important;\n            color: var(--jbe-color-primary)!important;\n            margin-top: 0!important;\n            margin-bottom: 15px!important;\n\t\t\tline-height: 26px!important;\n\t\t\ttext-align: center;\n        }\n        \n        .content-section p {\n            color: var(--jbe-color-text-light);\n            margin-bottom: 15px;\n\t\t\ttext-align: center;\n        }\n\n        .content-image {\n            width: 100%;\n            max-width: 350px;\n            height: auto;\n            border-radius: var(--jbe-radius);\n            \/*border: 1px solid var(--jbe-color-border);*\/\n            margin-bottom: 20px;\n            display: block;\n            margin-left: auto;\n            margin-right: auto;\n        }\n\n    <\/style>\n<\/head>\n<body>\n<div class=\"jbe-job-board-wrapper\" id=\"Inicio\">\n    <div id=\"Inicio\" class=\"jbe-main-header\">\n        <div class=\"jbe-main-header-title\">Campa\u00f1as Sanitarias<\/div>\n    <\/div>\n\n    <div class=\"jbe-container\">\n        \n        <div class=\"content-section\">\n            <h3>Colaboraci\u00f3n - Asociaci\u00f3n Contra el C\u00e1ncer Le\u00f3n<\/h3>\n            <img decoding=\"async\" src=\"\/cofLeon\/wp-content\/uploads\/2025\/08\/campana_cancer.png\" alt=\"Campa\u00f1a contra el c\u00e1ncer\" class=\"content-image\">\n            <p>Como desarrollo del convenio con la A.E.C.C., se env\u00eda diferente documentaci\u00f3n a las oficinas de farmacia y se pone en marcha la iniciativa \u201cFarmarat\u00f3n21\u201d, que consisti\u00f3 en apoyar a uno de nuestros colegiados en la Marat\u00f3n de Madrid. Se reunieron 3000 euros mediante aportaciones de los Colegiados.<\/p>\n            <p>Se mantienen publicaciones divulgativas constante en redes sociales de ambas entidades para seguir concienciando sobre prevenci\u00f3n y h\u00e1bitos saludables.<\/p>\n        <\/div>\n\n        <div class=\"content-section\">\n            <h3>HazFarma<\/h3>\n            <img decoding=\"async\" src=\"\/cofLeon\/wp-content\/uploads\/2025\/08\/HazFarma.png\" alt=\"HazFarma\" class=\"content-image\">\n            <p>El Consejo General de Colegios Oficiales de Farmac\u00e9uticos viene desarrollando estos \u00faltimos a\u00f1os el proyecto HazFarma, una ambiciosa iniciativa que tiene como objetivo el desarrollo de Servicios Profesionales Farmac\u00e9uticos en la Farmacia Comunitaria.<\/p>\n        <\/div>\n\n        <div class=\"content-section\">\n            <h3>La Pr\u00f3stata s\u00ed importa<\/h3>\n            <img decoding=\"async\" src=\"\/cofLeon\/wp-content\/uploads\/2025\/08\/prostata.png\" alt=\"Campa\u00f1a sobre la pr\u00f3stata\" class=\"content-image\">\n            <p>La hiperplasia benigna de pr\u00f3stata (HBP) es una patolog\u00eda muy prevalente en varones mayores de 50 a\u00f1os que, adem\u00e1s, en muchas ocasiones asumen su sintomatolog\u00eda como una condici\u00f3n propia de la edad y no acuden al m\u00e9dico.<\/p>\n            <p>El objetivo de la campa\u00f1a \u201cLa pr\u00f3stata s\u00ed importa\u201d es informar y concienciar sobre la hiperplasia benigna de pr\u00f3stata, con la intenci\u00f3n de mejorar la calidad de vida de los pacientes que sufran s\u00edntomas del tracto urinario inferior.<\/p>\n        <\/div>\n\n    <\/div>\n<\/div>\n<\/body>\n<\/html>\n\n","protected":false},"excerpt":{"rendered":"","protected":false},"author":2,"featured_media":0,"parent":0,"menu_order":0,"comment_status":"closed","ping_status":"closed","template":"page-full-width.php","meta":{"_acf_changed":false,"footnotes":""},"class_list":["post-472","page","type-page","status-publish","hentry"],"acf":[],"_links":{"self":[{"href":"http:\/\/interno.lsluz.com:8012\/cofLeon\/index.php\/wp-json\/wp\/v2\/pages\/472","targetHints":{"allow":["GET"]}}],"collection":[{"href":"http:\/\/interno.lsluz.com:8012\/cofLeon\/index.php\/wp-json\/wp\/v2\/pages"}],"about":[{"href":"http:\/\/interno.lsluz.com:8012\/cofLeon\/index.php\/wp-json\/wp\/v2\/types\/page"}],"author":[{"embeddable":true,"href":"http:\/\/interno.lsluz.com:8012\/cofLeon\/index.php\/wp-json\/wp\/v2\/users\/2"}],"replies":[{"embeddable":true,"href":"http:\/\/interno.lsluz.com:8012\/cofLeon\/index.php\/wp-json\/wp\/v2\/comments?post=472"}],"version-history":[{"count":1,"href":"http:\/\/interno.lsluz.com:8012\/cofLeon\/index.php\/wp-json\/wp\/v2\/pages\/472\/revisions"}],"predecessor-version":[{"id":473,"href":"http:\/\/interno.lsluz.com:8012\/cofLeon\/index.php\/wp-json\/wp\/v2\/pages\/472\/revisions\/473"}],"wp:attachment":[{"href":"http:\/\/interno.lsluz.com:8012\/cofLeon\/index.php\/wp-json\/wp\/v2\/media?parent=472"}],"curies":[{"name":"wp","href":"https:\/\/api.w.org\/{rel}","templated":true}]}}