
{"id":367,"date":"2025-07-14T12:12:09","date_gmt":"2025-07-14T10:12:09","guid":{"rendered":"http:\/\/interno.lsluz.com:8012\/cofLeon\/?page_id=367"},"modified":"2025-11-07T14:04:50","modified_gmt":"2025-11-07T13:04:50","slug":"politica-de-privacidad","status":"publish","type":"page","link":"http:\/\/interno.lsluz.com:8012\/cofLeon\/index.php\/politica-de-privacidad\/","title":{"rendered":"Politica de privacidad"},"content":{"rendered":"<br \/>\n<style>\n.titulo1 {\n    font-family: 'Oswald', 'Arial Narrow', sans-serif!important;\n    text-transform: uppercase!important;\n    font-size: clamp(2rem, 5vw, 2.8rem)!important;\n    font-weight: 600!important;\n    letter-spacing: 0.05em!important;\n    margin: 0!important;\n    background-color: #6e2c91!important;\n    color: #ffffff!important;\n    text-align: center!important;\n    display: inline-block!important;\n    width: 100%!important;\n}<\/p>\n<p> .subtituloo {\n    font-family: 'Oswald', 'Arial Narrow', sans-serif!important;\n    text-transform: uppercase!important;\n    font-size: clamp(2rem, 5vw, 2.8rem)!important;\n    font-weight: 600!important;\n    letter-spacing: 0.05em!important;\n    margin: 0!important;\n    color: #6e2c91!important;\n    text-align: center!important;\n    display: inline-block!important;\n    width: 100%!important;<\/p>\n<p>}\n<\/style>\n<h1 class=\"titulo1\" id=\"Inicio\">POL\u00cdTICA DE PRIVACIDAD<\/h1>\n<p style=\"font-family: 'Oswald', 'Arial Narrow', sans-serif!important;\n    text-transform: uppercase!important;\n    font-size: clamp(2rem, 5vw, 2.4rem)!important;\n      letter-spacing: 0.05em!important;\npadding: 20px 0px 20px 0px;\n    color: #6e2c91!important;\" >1. INFORMACI\u00d3N AL USUARIO<\/p>\n<p style=\"font-family: 'Oswald', 'Arial Narrow', sans-serif!important;\n    text-transform: uppercase!important;\n    font-size: clamp(2rem, 5vw, 1.8rem)!important;\n      letter-spacing: 0.05em!important;\npadding: 20px 0px 20px 0px;\n    color: #6e2c91!important;\" >\u00bfQui\u00e9n es el responsable del tratamiento de tus datos personales?<\/p>\n<p>\n        ILUSTRE COLEGIO OFICIAL DE FARMAC\u00c9UTICOS DE LE\u00d3N es el RESPONSABLE del tratamiento de los datos personales del USUARIO y le informa de que estos datos ser\u00e1n tratados de conformidad con lo dispuesto en el Reglamento (UE) 2016\/679, de 27 de abril (GDPR), y la Ley Org\u00e1nica 3\/2018, de 5 de diciembre (LOPDGDD).\n    <\/p>\n<p style=\"font-family: 'Oswald', 'Arial Narrow', sans-serif!important;\n    text-transform: uppercase!important;\n    font-size: clamp(2rem, 5vw, 1.8rem)!important;\n      letter-spacing: 0.05em!important;\npadding: 20px 0px 20px 0px;\n    color: #6e2c91!important;\" >\u00bfPara qu\u00e9 tratamos tus datos personales y por qu\u00e9 lo hacemos?<\/p>\n<p>Seg\u00fan el formulario donde hayamos obtenido sus datos personales, los trataremos de manera confidencial para alcanzar los siguientes fines:<\/p>\n<p><strong>En el formulario Contacto<\/strong><\/p>\n<ul>\n<li>Dar respuesta a las consultas o cualquier tipo de petici\u00f3n que sea realizada por el usuario a trav\u00e9s de cualquiera de las formas de contacto que se ponen a su disposici\u00f3n en la p\u00e1gina web del responsable. (por el inter\u00e9s leg\u00edtimo del responsable, art. 6.1.f GDPR)<\/li>\n<li>Enviar comunicaciones comerciales publicitarias por e-mail, fax, SMS, MMS, redes sociales o cualquier otro medio electr\u00f3nico o f\u00edsico, presente o futuro, que posibilite realizar comunicaciones comerciales. Estas comunicaciones ser\u00e1n realizadas por el responsable y estar\u00e1n relacionadas con sus productos y servicios, o de sus colaboradores o proveedores, con los que este haya alcanzado alg\u00fan acuerdo de promoci\u00f3n. En este caso, los terceros nunca tendr\u00e1n acceso a los datos personales. (por el consentimiento del interesado, 6.1.a GDPR)<\/li>\n<li>Realizar an\u00e1lisis estad\u00edsticos y estudios de mercado. (por el inter\u00e9s leg\u00edtimo del responsable, art. 6.1.f GDPR)<\/li>\n<\/ul>\n<p><strong>En el formulario Curr\u00edculum<\/strong><\/p>\n<ul>\n<li>Hacer part\u00edcipe al interesado en los procesos de selecci\u00f3n de personal y analizar el perfil del solicitante con el objetivo de seleccionar un candidato para el puesto vacante del responsable. (por el consentimiento del interesado, 6.1.a GDPR)<\/li>\n<\/ul>\n<p><strong>En el formulario Canal \u00e9tico o de denuncias<\/strong><\/p>\n<ul>\n<li>Gestionar adecuadamente el canal \u00e9tico, tramitando las correspondientes irregularidades notificadas a trav\u00e9s del mismo, y decidiendo sobre la procedencia de iniciar una investigaci\u00f3n, al objeto de detectar posibles delitos y prevenir la imposici\u00f3n de cualquier tipo de responsabilidad, as\u00ed como para evitar cualquier tipo de conducta contraria a la normativa interna o externa de la entidad. (para el cumplimiento de una obligaci\u00f3n legal, 6.1.c GDPR)<\/li>\n<\/ul>\n<p><strong>En el formulario Registro de usuario<\/strong><\/p>\n<ul>\n<li>Gestionar la cuenta del usuario para proporcionarle un acceso personalizado a la p\u00e1gina web y a los servicios interactivos que ofrece. (por el consentimiento del interesado, 6.1.a GDPR)<\/li>\n<\/ul>\n<p style=\"font-family: 'Oswald', 'Arial Narrow', sans-serif!important;\n    text-transform: uppercase!important;\n    font-size: clamp(2rem, 5vw, 1.8rem)!important;\n      letter-spacing: 0.05em!important;\npadding: 20px 0px 20px 0px;\n    color: #6e2c91!important;\" >\u00bfDurante cu\u00e1nto tiempo guardaremos tus datos personales?<\/p>\n<p>\n        Se conservar\u00e1n durante no m\u00e1s tiempo del necesario para mantener el fin del tratamiento o existan prescripciones legales que dictaminen su custodia y cuando ya no sea necesario para ello, se suprimir\u00e1n con medidas de seguridad adecuadas para garantizar la anonimizaci\u00f3n de los datos o la destrucci\u00f3n total de los mismos.\n    <\/p>\n<p style=\"font-family: 'Oswald', 'Arial Narrow', sans-serif!important;\n    text-transform: uppercase!important;\n    font-size: clamp(2rem, 5vw, 1.8rem)!important;\n      letter-spacing: 0.05em!important;\npadding: 20px 0px 20px 0px;\n    color: #6e2c91!important;\" >\u00bfA qui\u00e9n facilitamos tus datos personales?<\/p>\n<p>\n        No est\u00e1 prevista ninguna comunicaci\u00f3n de datos personales a terceros salvo, si fuese necesario para el desarrollo y ejecuci\u00f3n de las finalidades del tratamiento, a nuestros proveedores de servicios relacionados con comunicaciones, con los cuales el RESPONSABLE tiene suscritos los contratos de confidencialidad y de encargado de tratamiento exigidos por la normativa vigente de privacidad.\n    <\/p>\n<p style=\"font-family: 'Oswald', 'Arial Narrow', sans-serif!important;\n    text-transform: uppercase!important;\n    font-size: clamp(2rem, 5vw, 1.8rem)!important;\n      letter-spacing: 0.05em!important;\npadding: 20px 0px 20px 0px;\n    color: #6e2c91!important;\" >\u00bfCu\u00e1les son tus derechos?<\/p>\n<p>Los derechos que asisten al USUARIO son:<\/p>\n<ul>\n<li>Derecho a retirar el consentimiento en cualquier momento.<\/li>\n<li>Derecho de acceso, rectificaci\u00f3n, portabilidad y supresi\u00f3n de sus datos, y de limitaci\u00f3n u oposici\u00f3n a su tratamiento.<\/li>\n<li>Derecho a presentar una reclamaci\u00f3n ante la autoridad de control (www.aepd.es) si considera que el tratamiento no se ajusta a la normativa vigente.<\/li>\n<\/ul>\n<p><strong>Datos de contacto para ejercer sus derechos:<\/strong><\/p>\n<p>\n        ILUSTRE COLEGIO OFICIAL DE FARMACEUTICOS DE LE\u00d3N. CALLE FUERO, 15 1\u00ba 24001 Le\u00f3n (Le\u00f3n). E-mail: pdatos.cofleon@redfarma.org\n    <\/p>\n<p>\n        <strong>Datos de contacto del delegado de protecci\u00f3n de datos:<\/strong> RS SERVICIOS JUR\u00cdDICOS S.L., &#8211; dpo@rsprivacidad.es\n    <\/p>\n<p style=\"font-family: 'Oswald', 'Arial Narrow', sans-serif!important;\n    text-transform: uppercase!important;\n    font-size: clamp(2rem, 5vw, 2.4rem)!important;\n      letter-spacing: 0.05em!important;\npadding: 20px 0px 20px 0px;\n    color: #6e2c91!important;\" >2. CAR\u00c1CTER OBLIGATORIO O FACULTATIVO DE LA INFORMACI\u00d3N FACILITADA POR EL USUARIO<\/p>\n<p>\n        Los USUARIOS, mediante la marcaci\u00f3n de las casillas correspondientes y la entrada de datos en los campos, marcados con un asterisco (*) en el formulario de contacto o presentados en formularios de descarga, aceptan expresamente y de forma libre e inequ\u00edvoca, que sus datos son necesarios para atender su petici\u00f3n, por parte del prestador, siendo voluntaria la inclusi\u00f3n de datos en los campos restantes. El USUARIO garantiza que los datos personales facilitados al RESPONSABLE son veraces y se hace responsable de comunicar cualquier modificaci\u00f3n de los mismos.\n    <\/p>\n<p>\n        El RESPONSABLE informa de que todos los datos solicitados a trav\u00e9s del sitio web son obligatorios, ya que son necesarios para la prestaci\u00f3n de un servicio \u00f3ptimo al USUARIO. En caso de que no se faciliten todos los datos, no se garantiza que la informaci\u00f3n y servicios facilitados sean completamente ajustados a sus necesidades.\n    <\/p>\n<p style=\"font-family: 'Oswald', 'Arial Narrow', sans-serif!important;\n    text-transform: uppercase!important;\n    font-size: clamp(2rem, 5vw, 2.4rem)!important;\n      letter-spacing: 0.05em!important;\npadding: 20px 0px 20px 0px;\n    color: #6e2c91!important;\" >3. MEDIDAS DE SEGURIDAD<\/p>\n<p>\n        Que de conformidad con lo dispuesto en las normativas vigentes en protecci\u00f3n de datos personales, el RESPONSABLE est\u00e1 cumpliendo con todas las disposiciones de las normativas GDPR y LOPDGDD para el tratamiento de los datos personales de su responsabilidad, y manifiestamente con los principios descritos en el art\u00edculo 5 del GDPR, por los cuales son tratados de manera l\u00edcita, leal y transparente en relaci\u00f3n con el interesado y adecuados, pertinentes y limitados a lo necesario en relaci\u00f3n con los fines para los que son tratados.\n    <\/p>\n<p>\n        El RESPONSABLE garantiza que ha implementado pol\u00edticas t\u00e9cnicas y organizativas apropiadas para aplicar las medidas de seguridad que establecen el GDPR y la LOPDGDD con el fin de proteger los derechos y libertades de los USUARIOS y les ha comunicado la informaci\u00f3n adecuada para que puedan ejercerlos.\n    <\/p>\n<p>\n        Para m\u00e1s informaci\u00f3n sobre las garant\u00edas de privacidad, puedes dirigirte al RESPONSABLE a trav\u00e9s de ILUSTRE COLEGIO OFICIAL DE FARMACEUTICOS DE LE\u00d3N. CALLE FUERO, 15 1\u00ba-24001 Le\u00f3n (Le\u00f3n). E-mail: pdatos.cofleon@redfarma.org Datos de contacto del delegado de protecci\u00f3n de datos: RS SERVICIOS JUR\u00cdDICOS S.L., &#8211; dpo@rsprivacidad.es\n    <\/p>\n","protected":false},"excerpt":{"rendered":"<p>POL\u00cdTICA DE PRIVACIDAD 1. INFORMACI\u00d3N AL USUARIO \u00bfQui\u00e9n es el responsable del tratamiento de tus datos personales? ILUSTRE COLEGIO OFICIAL DE FARMAC\u00c9UTICOS DE LE\u00d3N es el RESPONSABLE del tratamiento de los datos personales del USUARIO y le informa de que estos datos ser\u00e1n tratados de conformidad con lo dispuesto en el Reglamento (UE) 2016\/679, de [&hellip;]<\/p>\n","protected":false},"author":2,"featured_media":0,"parent":0,"menu_order":0,"comment_status":"closed","ping_status":"closed","template":"page-full-width.php","meta":{"_acf_changed":false,"footnotes":""},"class_list":["post-367","page","type-page","status-publish","hentry"],"acf":[],"_links":{"self":[{"href":"http:\/\/interno.lsluz.com:8012\/cofLeon\/index.php\/wp-json\/wp\/v2\/pages\/367","targetHints":{"allow":["GET"]}}],"collection":[{"href":"http:\/\/interno.lsluz.com:8012\/cofLeon\/index.php\/wp-json\/wp\/v2\/pages"}],"about":[{"href":"http:\/\/interno.lsluz.com:8012\/cofLeon\/index.php\/wp-json\/wp\/v2\/types\/page"}],"author":[{"embeddable":true,"href":"http:\/\/interno.lsluz.com:8012\/cofLeon\/index.php\/wp-json\/wp\/v2\/users\/2"}],"replies":[{"embeddable":true,"href":"http:\/\/interno.lsluz.com:8012\/cofLeon\/index.php\/wp-json\/wp\/v2\/comments?post=367"}],"version-history":[{"count":4,"href":"http:\/\/interno.lsluz.com:8012\/cofLeon\/index.php\/wp-json\/wp\/v2\/pages\/367\/revisions"}],"predecessor-version":[{"id":378,"href":"http:\/\/interno.lsluz.com:8012\/cofLeon\/index.php\/wp-json\/wp\/v2\/pages\/367\/revisions\/378"}],"wp:attachment":[{"href":"http:\/\/interno.lsluz.com:8012\/cofLeon\/index.php\/wp-json\/wp\/v2\/media?parent=367"}],"curies":[{"name":"wp","href":"https:\/\/api.w.org\/{rel}","templated":true}]}}