
{"id":186,"date":"2025-04-22T17:00:39","date_gmt":"2025-04-22T15:00:39","guid":{"rendered":"http:\/\/interno.lsluz.com:8012\/cofLeon\/?page_id=186"},"modified":"2025-11-14T10:55:52","modified_gmt":"2025-11-14T09:55:52","slug":"estatutos-y-codigo-deontologico","status":"publish","type":"page","link":"http:\/\/interno.lsluz.com:8012\/cofLeon\/index.php\/estatutos-y-codigo-deontologico\/","title":{"rendered":"Estatutos y c\u00f3digo deontol\u00f3gico"},"content":{"rendered":"<p><!-- Estatutos y c\u00f3digo deontol\u00f3gico --><\/p>\n<h2 style=\"    display: block !important;\n    color: #111 !important;\n    font-weight: 700 !important;\n    margin: 0 0 clamp(8px, 1.5vw, 10px) !important;\n    background-color: #6e2c91 !important;\n    color: #ffffff !important;\n    \/* padding: 2rem 20px !important; *\/\n    text-align: center !important;\n    font-family: 'Oswald', 'Arial Narrow', sans-serif;\n    text-transform: uppercase;\n    font-size: clamp(2rem, 5vw, 2.8rem);\n    font-weight: 600;\n    letter-spacing: 0.05em; \" >Estatutos y c\u00f3digo deontol\u00f3gico<\/h2>\n<div style=\"max-width: 800px; margin: 0 auto; padding: 0px;\">\n  <!-- Documento 1 --><\/p>\n<div style=\"margin-bottom: 0px; border: 1px solid #e0e0e0; padding: 20px; border-radius: 8px; background-color: #f9f9f9;\">\n<table style=\"border: none; margin: 0; padding: 0; width: 100%;\">\n<tr>\n<td style=\"width: 30px; vertical-align: middle; padding-right: 10px;border-right: 0px!important;\">\n          <span style=\"color: #cc0000; font-size: 24px;\">\ud83d\udcc4<\/span>\n        <\/td>\n<td>\n<h3 style=\"color: #6e2c91!important; margin: 0; font-size: 18px;\"><b>Estatutos del Colegio Oficial de Farmac\u00e9uticos de Le\u00f3n<\/b><\/h3>\n<\/td>\n<\/tr>\n<\/table>\n<p style=\"color: #444; margin: 15px 0;\">Documento oficial con los estatutos que rigen el funcionamiento del Colegio Oficial de Farmac\u00e9uticos de Le\u00f3n.<\/p>\n<p>    <a href=\"http:\/\/interno.lsluz.com:8012\/cofLeon\/wp-content\/uploads\/2025\/11\/NuevosestatutosCOFLEON.pdf\" style=\"display: inline-block; background-color: #008000; color: white; padding: 8px 16px; text-decoration: none; border-radius: 4px; font-weight: bold;\" target=\"_blank\">Descargar PDF<\/a>\n  <\/div>\n<p>  <!-- Documento 2 --><\/p>\n<div style=\"margin-bottom: 0px; border: 1px solid #e0e0e0; padding: 20px; border-radius: 8px; background-color: #f9f9f9;\">\n<table style=\"border: none; margin: 0; padding: 0; width: 100%;\">\n<tr>\n<td style=\"width: 30px; vertical-align: middle; padding-right: 10px;border-right: 0px!important;\">\n          <span style=\"color: #cc0000; font-size: 24px;\">\ud83d\udcc4<\/span>\n        <\/td>\n<td>\n<h3 style=\"color: #6e2c91!important; margin: 0; font-size: 18px;\"><b>C\u00f3digo de Deontolog\u00eda de la Profesi\u00f3n Farmac\u00e9utica 2024<\/b><\/h3>\n<\/td>\n<\/tr>\n<\/table>\n<p style=\"color: #444; margin: 15px 0;\">C\u00f3digo \u00e9tico y deontol\u00f3gico actualizado que establece las normas y principios para el ejercicio de la profesi\u00f3n farmac\u00e9utica.<\/p>\n<p>    <a href=\"http:\/\/interno.lsluz.com:8012\/cofLeon\/wp-content\/uploads\/2025\/11\/2023-Codigo-Deontologia-Profesion-Farmaceutica-CGCOF.pdf\" style=\"display: inline-block; background-color: #008000; color: white; padding: 8px 16px; text-decoration: none; border-radius: 4px; font-weight: bold;\" target=\"_blank\">Descargar PDF<\/a>\n  <\/div>\n<\/div>\n","protected":false},"excerpt":{"rendered":"<p>Estatutos y c\u00f3digo deontol\u00f3gico \ud83d\udcc4 Estatutos del Colegio Oficial de Farmac\u00e9uticos de Le\u00f3n Documento oficial con los estatutos que rigen el funcionamiento del Colegio Oficial de Farmac\u00e9uticos de Le\u00f3n. Descargar PDF \ud83d\udcc4 C\u00f3digo de Deontolog\u00eda de la Profesi\u00f3n Farmac\u00e9utica 2024 C\u00f3digo \u00e9tico y deontol\u00f3gico actualizado que establece las normas y principios para el ejercicio de [&hellip;]<\/p>\n","protected":false},"author":1,"featured_media":0,"parent":0,"menu_order":0,"comment_status":"closed","ping_status":"closed","template":"page-full-width.php","meta":{"_acf_changed":false,"footnotes":""},"class_list":["post-186","page","type-page","status-publish","hentry"],"acf":[],"_links":{"self":[{"href":"http:\/\/interno.lsluz.com:8012\/cofLeon\/index.php\/wp-json\/wp\/v2\/pages\/186","targetHints":{"allow":["GET"]}}],"collection":[{"href":"http:\/\/interno.lsluz.com:8012\/cofLeon\/index.php\/wp-json\/wp\/v2\/pages"}],"about":[{"href":"http:\/\/interno.lsluz.com:8012\/cofLeon\/index.php\/wp-json\/wp\/v2\/types\/page"}],"author":[{"embeddable":true,"href":"http:\/\/interno.lsluz.com:8012\/cofLeon\/index.php\/wp-json\/wp\/v2\/users\/1"}],"replies":[{"embeddable":true,"href":"http:\/\/interno.lsluz.com:8012\/cofLeon\/index.php\/wp-json\/wp\/v2\/comments?post=186"}],"version-history":[{"count":34,"href":"http:\/\/interno.lsluz.com:8012\/cofLeon\/index.php\/wp-json\/wp\/v2\/pages\/186\/revisions"}],"predecessor-version":[{"id":582,"href":"http:\/\/interno.lsluz.com:8012\/cofLeon\/index.php\/wp-json\/wp\/v2\/pages\/186\/revisions\/582"}],"wp:attachment":[{"href":"http:\/\/interno.lsluz.com:8012\/cofLeon\/index.php\/wp-json\/wp\/v2\/media?parent=186"}],"curies":[{"name":"wp","href":"https:\/\/api.w.org\/{rel}","templated":true}]}}