
{"id":120,"date":"2025-04-21T15:12:35","date_gmt":"2025-04-21T13:12:35","guid":{"rendered":"http:\/\/interno.lsluz.com:8012\/cofLeon\/?page_id=120"},"modified":"2025-07-23T14:15:35","modified_gmt":"2025-07-23T12:15:35","slug":"junta-de-gobierno","status":"publish","type":"page","link":"http:\/\/interno.lsluz.com:8012\/cofLeon\/index.php\/junta-de-gobierno\/","title":{"rendered":"Junta de Gobierno"},"content":{"rendered":"<p><!-- CSS en la cabecera o en tu hoja de estilos del tema --><\/p>\n<!DOCTYPE html>\n<html lang=\"es\">\n<head>\n  <meta charset=\"UTF-8\">\n  <meta name=\"viewport\" content=\"width=device-width, initial-scale=1.0\">\n  <title>Junta de Gobierno - Colegio Oficial de Farmac\u00e9uticos de Le\u00f3n<\/title>\n  <link rel=\"preconnect\" href=\"https:\/\/fonts.googleapis.com\">\n  <link rel=\"preconnect\" href=\"https:\/\/fonts.gstatic.com\" crossorigin>\n  <link href=\"https:\/\/fonts.googleapis.com\/css2?family=Oswald:wght@600&display=swap\" rel=\"stylesheet\">\n  <style>\n    \/* Estilos para la p\u00e1gina de Junta de Gobierno *\/\n    body {\n        font-family: Arial, sans-serif !important;\n    }\n    .junta-gobierno-contenido-personalizado {\n        max-width: 900px;\n        margin-left: auto;\n        margin-right: auto;\n        padding: 20px 15px;\n        color: #333 !important;\n        line-height: 1.6 !important;\n    }\n\n    \/* T\u00edtulo principal \"Junta de Gobierno 2024\" *\/\n    .junta-gobierno-contenido-personalizado .titulo-principal-junta {\n        font-family: 'Oswald', 'Arial Narrow', sans-serif;\n        text-transform: uppercase;\n        font-size: clamp(2rem, 5vw, 2.4rem);\n        font-weight: 600;\n        letter-spacing: 0.05em;\n        margin-bottom: 30px;\n        background-color: #6e2c91;\n        color: white;\n        \/* padding: 2rem 20px; *\/\n        text-align: center;\n    }\n\n    \/* T\u00edtulos de SECCI\u00d3N (Vocales, Departamentos) *\/\n    .junta-gobierno-contenido-personalizado .subsection-title-junta {\n        font-size: 22px !important;\n        color: #6e2c91 !important; \/* MORADO *\/\n        margin-top: 35px !important;\n        margin-bottom: 20px !important;\n        font-weight: bold !important;\n        text-align: center !important;\n        text-transform: none !important;\n    }\n    \n    \/* Estilo para las fotos de los miembros *\/\n    .miembro-foto {\n        width: 210px;\n        \/*height: 110px;*\/\n        border-radius: 8px; \/* Bordes redondeados *\/\n        object-fit: cover;\n        margin: 0 auto 15px auto;\n        display: block;\n        border: 3px solid #f0f0f0;\n        cursor: pointer; \/* Indica que la imagen es clickeable *\/\n        transition: transform 0.2s ease, box-shadow 0.2s ease;\n        flex-shrink: 0; \/* Evita que la foto se encoja *\/\n    }\n    .miembro-foto:hover {\n        transform: scale(1.05);\n        box-shadow: 0 4px 12px rgba(0,0,0,0.15);\n    }\n\n\n    \/* Grid para los miembros principales (2x2) *\/\n    .junta-gobierno-contenido-personalizado .junta-grid-miembros-principales {\n        display: grid !important;\n        grid-template-columns: repeat(2, 1fr) !important;\n        gap: 25px 50px !important;\n        margin-bottom: 30px !important;\n        max-width: 500px;\n        margin-left: auto;\n        margin-right: auto;\n    }\n\n    \/* Tarjeta para cada miembro principal (sin marco) *\/\n    .junta-gobierno-contenido-personalizado .miembro-junta-personalizado {\n        background-color: transparent !important;\n        padding: 0 !important;\n        box-shadow: none !important;\n        text-align: center !important;\n        border: none !important;\n    }\n    \n    \/* Foto de los miembros principales (sin borde) *\/\n    .junta-grid-miembros-principales .miembro-foto {\n        border: none !important;\n    }\n\n\n    \/* CARGOS (Presidenta, Vicepresidente, etc.) *\/\n    .junta-gobierno-contenido-personalizado .miembro-junta-personalizado h4 {\n        font-size: 0.9em !important;\n        color: #6e2c91 !important; \/* MORADO *\/\n        margin-top: 0 !important;\n        margin-bottom: 4px !important;\n        font-weight: bold !important;\n        text-transform: uppercase !important;\n    }\n\n    \/* Nombres de los miembros *\/\n    .junta-gobierno-contenido-personalizado .miembro-junta-personalizado p {\n        font-size: 1em !important;\n        color: #333 !important;\n        margin-bottom: 0 !important;\n        text-transform: none !important;\n    }\n\n    \/* Contenedor de las columnas de vocales *\/\n    .junta-gobierno-contenido-personalizado .vocales-columnas-container {\n        display: flex !important;\n        justify-content: center !important; \/* Centra las columnas *\/\n        gap: 40px !important; \/* Espacio entre las columnas *\/\n        margin-bottom: 5px !important;\n    }\n    .junta-gobierno-contenido-personalizado .vocales-columna {\n        width: calc(50% - 20px) !important;\n        max-width: 350px; \/* Ancho m\u00e1ximo para cada columna *\/\n    }\n    .junta-gobierno-contenido-personalizado .vocal-item {\n        background-color: #f9f9f9 !important;\n        padding: 10px 15px !important;\n        margin-bottom: 10px !important;\n        border-radius: 4px !important;\n        display: flex;\n        align-items: center;\n        gap: 15px;\n        border: none; \/* Borde eliminado *\/\n\t\talign-items: flex-end;\n    }\n    \n    \/* Estilo espec\u00edfico para la columna izquierda de vocales *\/\n    #vocales-columna-izquierda .vocal-item {\n        flex-direction: row-reverse; \/* Invierte el orden: texto, luego foto *\/\n    }\n    #vocales-columna-izquierda .vocal-item > div {\n        text-align: right; \/* Alinea el texto a la derecha *\/\n    }\n    \n    \/* Foto de los vocales (m\u00e1s peque\u00f1a) *\/\n    .vocal-item .miembro-foto {\n        width: 90px;\n        \/*height: 60px;*\/\n        margin: 0;\n        border-width: 2px;\n    }\n\n    \/* Tipo de Vocal (Vocal 1\u00ba, etc.) *\/\n    .junta-gobierno-contenido-personalizado .vocal-item strong {\n        display: block !important;\n        font-size: 0.85em !important;\n        color: #6e2c91 !important; \/* MORADO *\/\n        margin-bottom: 2px !important;\n        font-weight: bold !important;\n    }\n    \/* Nombre del Vocal *\/\n    .junta-gobierno-contenido-personalizado .vocal-item p {\n        font-size: 0.9em !important;\n        color: #555 !important;\n        margin-bottom: 0 !important;\n        text-transform: none !important;\n    }\n\n    \/* Vocal que va centrado solo *\/\n    .junta-gobierno-contenido-personalizado .vocal-individual-centrado-container {\n        text-align: center !important;\n        margin-top: 10px !important;\n        margin-bottom: 30px !important;\n    }\n    .junta-gobierno-contenido-personalizado .vocal-individual-centrado {\n        background-color: #f9f9f9 !important;\n        padding: 10px 15px !important;\n        border-radius: 4px !important;\n        display: inline-block !important;\n        max-width: 90% !important;\n        border: 1px solid #e0e0e0;\n    }\n    .junta-gobierno-contenido-personalizado .vocal-individual-centrado strong {\n        display: block !important;\n        font-size: 0.85em !important;\n        color: #6e2c91 !important; \/* MORADO *\/\n        margin-bottom: 2px !important;\n        font-weight: bold !important;\n    }\n    .junta-gobierno-contenido-personalizado .vocal-individual-centrado p {\n        font-size: 0.9em !important;\n        color: #555 !important;\n        margin-bottom: 0 !important;\n        text-transform: none !important;\n    }\n    \n    \/* Grid para Departamentos *\/\n    .junta-gobierno-contenido-personalizado .junta-grid-departamentos {\n        display: grid !important;\n        grid-template-columns: repeat(auto-fit, minmax(250px, 1fr)) !important;\n        gap: 20px !important;\n        margin-bottom: 30px !important;\n    }\n    .junta-gobierno-contenido-personalizado .departamento-item-personalizado {\n        background-color: #fff !important;\n        padding: 15px !important;\n        border-radius: 4px !important;\n        box-shadow: 0 1px 2px rgba(0,0,0,0.08) !important;\n        text-align: left !important;\n        border: 1px solid #e0e0e0 !important;\n    }\n    .junta-gobierno-contenido-personalizado .departamento-item-personalizado h4 {\n        font-size: 0.9em !important;\n        color: #6e2c91 !important; \/* MORADO *\/\n        margin-top: 0 !important;\n        margin-bottom: 8px !important;\n        font-weight: bold !important;\n    }\n    .junta-gobierno-contenido-personalizado .departamento-item-personalizado p {\n        font-size: 0.9em !important;\n        color: #555 !important;\n        margin-bottom: 3px !important;\n        text-transform: none !important;\n    }\n    .junta-gobierno-contenido-personalizado .departamento-item-personalizado a {\n        color: #ed154e !important; \/* ROSA para enlaces *\/\n        text-decoration: none !important;\n        font-size: 0.9em !important;\n        font-weight: bold;\n    }\n    .junta-gobierno-contenido-personalizado .departamento-item-personalizado a:hover {\n        text-decoration: underline !important;\n    }\n\n    \/* Estilos para el Lightbox (vista ampliada) *\/\n    .lightbox-container {\n        position: fixed;\n        z-index: 9999;\n        top: 0;\n        left: 0;\n        width: 100%;\n        height: 100%;\n        background-color: rgba(0, 0, 0, 0.85);\n        display: none; \/* Oculto por defecto *\/\n        justify-content: center;\n        align-items: center;\n        cursor: pointer;\n        animation: fadeIn 0.3s ease;\n    }\n    .lightbox-container img {\n        max-width: 90%;\n        max-height: 90%;\n        border-radius: 8px;\n        box-shadow: 0 5px 20px rgba(0,0,0,0.5);\n        cursor: default;\n        animation: zoomIn 0.3s ease;\n    }\n\n    @keyframes fadeIn {\n        from { opacity: 0; }\n        to { opacity: 1; }\n    }\n    @keyframes zoomIn {\n        from { transform: scale(0.8); }\n        to { transform: scale(1); }\n    }\n\n\n    \/* Ajustes Responsive *\/\n    @media (max-width: 768px) {\n        .junta-gobierno-contenido-personalizado .titulo-principal-junta {\n            font-size: 22px !important;\n        }\n        .junta-gobierno-contenido-personalizado .subsection-title-junta {\n            font-size: 20px !important;\n        }\n        .junta-gobierno-contenido-personalizado .junta-grid-miembros-principales,\n        .junta-gobierno-contenido-personalizado .junta-grid-departamentos {\n            grid-template-columns: 1fr !important;\n        }\n        .junta-gobierno-contenido-personalizado .junta-grid-miembros-principales {\n            max-width: 220px; \/* Ancho para una columna en m\u00f3vil *\/\n        }\n        .junta-gobierno-contenido-personalizado .vocales-columnas-container {\n            flex-direction: column !important;\n            gap: 0 !important;\n        }\n        .junta-gobierno-contenido-personalizado .vocales-columna {\n            width: 100% !important;\n            margin-bottom: 0 !important;\n            max-width: none;\n        }\n        .junta-gobierno-contenido-personalizado .vocal-item {\n            margin-bottom: 10px !important;\n\t\t\talign-items: flex-end;\n        }\n        \/* En m\u00f3vil, la columna izquierda vuelve a la normalidad para mejor lectura *\/\n        #vocales-columna-izquierda .vocal-item {\n            flex-direction: row; \n        }\n        #vocales-columna-izquierda .vocal-item > div {\n            text-align: left;\n        }\n        .junta-gobierno-contenido-personalizado .vocal-individual-centrado-container {\n            margin-top: 0 !important;\n        }\n        .junta-gobierno-contenido-personalizado .vocal-individual-centrado {\n            display: block !important;\n            margin-left: auto !important;\n            margin-right: auto !important;\n            text-align: center !important;\n        }\n    }\n  <\/style>\n<\/head>\n<body>\n\n  <div class=\"junta-gobierno-contenido-personalizado\">\n\n    <div class=\"titulo-principal-junta\">Junta de Gobierno 2024<\/div>\n\n    <div class=\"junta-grid-miembros-principales\">\n      <div class=\"miembro-junta-personalizado\">\n        <img decoding=\"async\" src=\"http:\/\/interno.lsluz.com:8012\/cofLeon\/wp-content\/uploads\/2025\/07\/MMAE.png\" alt=\"Foto de Montserrat \u00c1vila Escribano\" class=\"miembro-foto\" onclick=\"openLightbox(this)\">\n        <h4>Presidenta<\/h4>\n        <p>Montserrat \u00c1vila Escribano<\/p>\n      <\/div>\n      <div class=\"miembro-junta-personalizado\">\n        <img decoding=\"async\" src=\"http:\/\/interno.lsluz.com:8012\/cofLeon\/wp-content\/uploads\/2025\/07\/PFC.png\" alt=\"Foto de Pablo Freire Castro\" class=\"miembro-foto\" onclick=\"openLightbox(this)\">\n        <h4>Vicepresidente<\/h4>\n        <p>Pablo Freire Castro<\/p>\n      <\/div>\n      <div class=\"miembro-junta-personalizado\">\n        <img decoding=\"async\" src=\"http:\/\/interno.lsluz.com:8012\/cofLeon\/wp-content\/uploads\/2025\/07\/PLTV.png\" alt=\"Foto de Patricia Lourdes T\u00e9llez Vald\u00e9s\" class=\"miembro-foto\" onclick=\"openLightbox(this)\">\n        <h4>Secretaria<\/h4>\n        <p>Patricia Lourdes T\u00e9llez Vald\u00e9s<\/p>\n      <\/div>\n      <div class=\"miembro-junta-personalizado\">\n        <img decoding=\"async\" src=\"http:\/\/interno.lsluz.com:8012\/cofLeon\/wp-content\/uploads\/2025\/07\/FCD.png\" alt=\"Foto de Francisco Conde Diez\" class=\"miembro-foto\" onclick=\"openLightbox(this)\">\n        <h4>Tesorero<\/h4>\n        <p>Francisco Conde Diez<\/p>\n      <\/div>\n    <\/div>\n\n    <h3 class=\"subsection-title-junta\">Vocales<\/h3>\n    <div class=\"vocales-columnas-container\">\n        <div class=\"vocales-columna\" id=\"vocales-columna-izquierda\">\n            <div class=\"vocal-item\">\n              <img decoding=\"async\" src=\"http:\/\/interno.lsluz.com:8012\/cofLeon\/wp-content\/uploads\/2025\/07\/MDPVM.png\" alt=\"Foto de Mar\u00eda del Pilar V\u00e1zquez Mondelo\" class=\"miembro-foto\" onclick=\"openLightbox(this)\">\n              <div><strong>Vocal 1\u00ba<\/strong><p>Mar\u00eda del Pilar V\u00e1zquez Mondelo<\/p><\/div>\n            <\/div>\n            <div class=\"vocal-item\">\n              <img decoding=\"async\" src=\"http:\/\/interno.lsluz.com:8012\/cofLeon\/wp-content\/uploads\/2025\/07\/MFDVC.png\" alt=\"Foto de Marta Fern\u00e1ndez de Vega Ch\u00e1varri\" class=\"miembro-foto\" onclick=\"openLightbox(this)\">\n              <div><strong>Vocal 3\u00ba<\/strong><p>Marta Fern\u00e1ndez de Vega Ch\u00e1varri<\/p><\/div>\n            <\/div>\n            <div class=\"vocal-item\">\n              <img decoding=\"async\" src=\"http:\/\/interno.lsluz.com:8012\/cofLeon\/wp-content\/uploads\/2025\/07\/DSG.png\" alt=\"Foto de Nieves S\u00e1nchez Franco\" class=\"miembro-foto\" onclick=\"openLightbox(this)\">\n              <div><strong>Vocal de Alimentaci\u00f3n<\/strong><p>Daniel Silv\u00e1n Gonz\u00e1lez<\/p><\/div>\n            <\/div>\n            <div class=\"vocal-item\">\n              <img decoding=\"async\" src=\"http:\/\/interno.lsluz.com:8012\/cofLeon\/wp-content\/uploads\/2025\/07\/MNSF.png\" alt=\"Foto de Nieves S\u00e1nchez Franco\" class=\"miembro-foto\" onclick=\"openLightbox(this)\">\n              <div><strong>Vocal de Distribuci\u00f3n<\/strong><p>Nieves S\u00e1nchez Franco<\/p><\/div>\n            <\/div>\n            <div class=\"vocal-item\">\n              <img decoding=\"async\" src=\"http:\/\/interno.lsluz.com:8012\/cofLeon\/wp-content\/uploads\/2025\/07\/AMF.png\" alt=\"Foto de \u00c1ngel Mart\u00ednez Fern\u00e1ndez\" class=\"miembro-foto\" onclick=\"openLightbox(this)\">\n              <div><strong>Vocal Oficina de Farmacia Rural<\/strong><p>\u00c1ngel Mart\u00ednez Fern\u00e1ndez<\/p><\/div>\n            <\/div>\n            <div class=\"vocal-item\">\n              <img decoding=\"async\" src=\"http:\/\/interno.lsluz.com:8012\/cofLeon\/wp-content\/uploads\/2025\/07\/MLAN.png\" alt=\"Foto de Mar\u00eda Luisa Alonso N\u00fa\u00f1ez\" class=\"miembro-foto\" onclick=\"openLightbox(this)\">\n              <div><strong>Vocal de Ortopedia<\/strong><p>Mar\u00eda Luisa Alonso N\u00fa\u00f1ez<\/p><\/div>\n            <\/div>\n\t\t\t <div class=\"vocal-item\">\n              <img decoding=\"async\" src=\"http:\/\/interno.lsluz.com:8012\/cofLeon\/wp-content\/uploads\/2025\/07\/AMV.png\" alt=\"Foto de Ana Mart\u00edn VIllar\u00e9s\" class=\"miembro-foto\" onclick=\"openLightbox(this)\">\n              <div><strong>Vocal de Farmac\u00e9uticos en la Administraci\u00f3n<\/strong><p>Ana Mart\u00edn Villares<\/p><\/div>\n            <\/div>\n        <\/div>\n        <div class=\"vocales-columna\" id=\"vocales-columna-derecha\">\n            <div class=\"vocal-item\">\n              <img decoding=\"async\" src=\"http:\/\/interno.lsluz.com:8012\/cofLeon\/wp-content\/uploads\/2025\/07\/JCGA.png\" alt=\"Foto de Juan Carlos G\u00f3mez Al\u00e1iz\" class=\"miembro-foto\" onclick=\"openLightbox(this)\">\n              <div><strong>Vocal 2\u00ba<\/strong><p>Juan Carlos G\u00f3mez Al\u00e1iz<\/p><\/div>\n            <\/div>\n            <div class=\"vocal-item\">\n               <img decoding=\"async\" src=\"http:\/\/interno.lsluz.com:8012\/cofLeon\/wp-content\/uploads\/2025\/07\/PQ.png\" alt=\"Foto de Nieves S\u00e1nchez Franco\" class=\"miembro-foto\" onclick=\"openLightbox(this)\">\n              <div><strong>Vocal 4\u00ba<\/strong><p>Pablo Qui\u00f1ones P\u00e9rez<\/p><\/div>\n            <\/div>\n            <div class=\"vocal-item\">\n               <img decoding=\"async\" src=\"http:\/\/interno.lsluz.com:8012\/cofLeon\/wp-content\/uploads\/2025\/07\/BEFP.png\" alt=\"Foto de Nieves S\u00e1nchez Franco\" class=\"miembro-foto\" onclick=\"openLightbox(this)\">\n              <div><strong>Vocal de Dermofarmacia<\/strong><p>Blanca Esther Fern\u00e1ndez Pastrana<\/p><\/div>\n            <\/div>\n            <div class=\"vocal-item\">\n              <img decoding=\"async\" src=\"http:\/\/interno.lsluz.com:8012\/cofLeon\/wp-content\/uploads\/2025\/07\/ACGMG.png\" alt=\"Foto de Ana Cristina Gamero Mart\u00edn-Granizo\" class=\"miembro-foto\" onclick=\"openLightbox(this)\">\n              <div><strong>Vocal de Oficina de Farmacia<\/strong><p>Ana Cristina Gamero Mart\u00edn-Granizo<\/p><\/div>\n            <\/div>\n            <div class=\"vocal-item\">\n              <img decoding=\"async\" src=\"http:\/\/interno.lsluz.com:8012\/cofLeon\/wp-content\/uploads\/2025\/07\/MCAM.png\" alt=\"Foto de Mar\u00eda Clara Aren\u00f3s Monz\u00f3\" class=\"miembro-foto\" onclick=\"openLightbox(this)\">\n              <div><strong>Vocal de Hospitales<\/strong><p>Mar\u00eda Clara Aren\u00f3s Monz\u00f3<\/p><\/div>\n            <\/div>\n            <div class=\"vocal-item\">\n               <img decoding=\"async\" src=\"http:\/\/interno.lsluz.com:8012\/cofLeon\/wp-content\/uploads\/2025\/07\/LFT.png\" alt=\"Foto de Nieves S\u00e1nchez Franco\" class=\"miembro-foto\" onclick=\"openLightbox(this)\">\n              <div><strong>Vocal de Farmac\u00e9uticos Adjuntos<\/strong><p>Luc\u00eda Franco Trigo<\/p><\/div>\n            <\/div>\n        <\/div>\n    <\/div>\n \n\n\n    <h3 class=\"subsection-title-junta\">Departamentos del Colegio<\/h3>\n    <div class=\"junta-grid-departamentos\">\n      <div class=\"departamento-item-personalizado\">\n        <h4>Departamento T\u00e9cnico<\/h4>\n        <p><a href=\"mailto:profesional.cofleon@redfarma.org\">profesional.cofleon@redfarma.org<\/a><\/p>\n      <\/div>\n      <div class=\"departamento-item-personalizado\">\n        <h4>Departamento Administraci\u00f3n<\/h4>\n        <p><strong>Tr\u00e1mites generales:<\/strong> <a href=\"mailto:recepcion.cofleon@redfarma.org\">recepcion.cofleon@redfarma.org<\/a><\/p>\n        <p><strong>Facturaci\u00f3n: <\/strong><a href=\"mailto:gestion.cofleon@redfarma.org\">gestion.cofleon@redfarma.org<\/a><\/p>\n      <\/div>\n    <\/div>\n  <\/div>\n\n  <!-- Contenedor del Lightbox -->\n  <div id=\"lightbox-modal\" class=\"lightbox-container\" onclick=\"closeLightbox()\">\n    <img decoding=\"async\" id=\"lightbox-image\" src=\"\" alt=\"Vista ampliada\">\n  <\/div>\n\n  <script>\n    \/\/ --- Funcionalidad del Lightbox ---\n    const lightboxModal = document.getElementById('lightbox-modal');\n    const lightboxImage = document.getElementById('lightbox-image');\n\n    \/**\n     * Abre el lightbox con la imagen que se ha clickeado.\n     * @param {HTMLElement} imgElement - El elemento <img> que fue clickeado.\n     *\/\n    function openLightbox(imgElement) {\n        if (imgElement && imgElement.src) {\n            lightboxImage.src = imgElement.src;\n            lightboxModal.style.display = 'flex';\n        }\n    }\n\n    \/**\n     * Cierra el lightbox.\n     *\/\n    function closeLightbox() {\n        lightboxModal.style.display = 'none';\n        lightboxImage.src = ''; \/\/ Limpia el src para evitar flashes de la imagen anterior\n    }\n\n    \/\/ Evita que el click en la imagen cierre el lightbox (solo el fondo lo har\u00e1)\n    lightboxImage.addEventListener('click', function(event) {\n        event.stopPropagation();\n    });\n  <\/script>\n\n<\/body>\n<\/html>\n\n","protected":false},"excerpt":{"rendered":"","protected":false},"author":1,"featured_media":0,"parent":0,"menu_order":0,"comment_status":"closed","ping_status":"closed","template":"page-full-width.php","meta":{"_acf_changed":false,"footnotes":""},"class_list":["post-120","page","type-page","status-publish","hentry"],"acf":[],"_links":{"self":[{"href":"http:\/\/interno.lsluz.com:8012\/cofLeon\/index.php\/wp-json\/wp\/v2\/pages\/120","targetHints":{"allow":["GET"]}}],"collection":[{"href":"http:\/\/interno.lsluz.com:8012\/cofLeon\/index.php\/wp-json\/wp\/v2\/pages"}],"about":[{"href":"http:\/\/interno.lsluz.com:8012\/cofLeon\/index.php\/wp-json\/wp\/v2\/types\/page"}],"author":[{"embeddable":true,"href":"http:\/\/interno.lsluz.com:8012\/cofLeon\/index.php\/wp-json\/wp\/v2\/users\/1"}],"replies":[{"embeddable":true,"href":"http:\/\/interno.lsluz.com:8012\/cofLeon\/index.php\/wp-json\/wp\/v2\/comments?post=120"}],"version-history":[{"count":25,"href":"http:\/\/interno.lsluz.com:8012\/cofLeon\/index.php\/wp-json\/wp\/v2\/pages\/120\/revisions"}],"predecessor-version":[{"id":401,"href":"http:\/\/interno.lsluz.com:8012\/cofLeon\/index.php\/wp-json\/wp\/v2\/pages\/120\/revisions\/401"}],"wp:attachment":[{"href":"http:\/\/interno.lsluz.com:8012\/cofLeon\/index.php\/wp-json\/wp\/v2\/media?parent=120"}],"curies":[{"name":"wp","href":"https:\/\/api.w.org\/{rel}","templated":true}]}}